{"id":6672,"date":"2024-01-02T03:48:33","date_gmt":"2024-01-02T03:48:33","guid":{"rendered":"https:\/\/ifcfa.org\/?page_id=6672"},"modified":"2024-01-02T04:30:47","modified_gmt":"2024-01-02T04:30:47","slug":"affiliate-program","status":"publish","type":"page","link":"https:\/\/ifcfa.org\/de\/affiliate-program\/","title":{"rendered":"Partnerprogramm"},"content":{"rendered":"<p><\/p>\n<h2>Wir stellen unser Partnerprogramm vor!<\/h2>\n<p>Wir freuen uns, den Start unseres neuen Partnerprogramms bekannt zu geben, das unseren Kunden und allen, die mit uns Geld verdienen m\u00f6chten, eine einzigartige M\u00f6glichkeit bietet.<\/p>\n<p><strong>Wie funktioniert es?<\/strong><\/p>\n<p><strong>Loggen Sie sich<\/strong> zun\u00e4chst in Ihr eigenes Konto auf unserer Website ein oder registrieren Sie Ihr Konto hier bei uns: Registrieren unter<br \/>\n<strong>So finden Sie einen Partner:<\/strong> Auf der Homepage, im Fenster des Partnerprogramms, finden Sie unter &#8222;Weitere Details&#8220; den Abschnitt &#8222;Unique Link&#8220;. Kopieren Sie diesen Link und f\u00fcgen Sie ihn ein.<br \/>\n<strong>Link weitergeben:<\/strong> Senden Sie diesen Link an Personen, denen Sie unsere Dienste empfehlen m\u00f6chten.<\/p>\n<p><strong>Warum mitmachen?<\/strong><\/p>\n<p><strong>25% Provision:<\/strong> F\u00fcr jeden neuen Kunden, der sich \u00fcber Ihren Link anmeldet und bei uns einkauft, erhalten Sie eine Provision von 25 % auf den Gesamtwert der bestellten und bezahlten Dienstleistung!<br \/>\n<strong>Wiederkehrende Einnahmen:<\/strong> Wenn ein neuer Kunde zum Beispiel einen monatlichen Buchhaltungsservice abonniert, erhalten Sie jeden Monat eine Provision, solange der Kunde unseren Service nutzt und regelm\u00e4\u00dfig zahlt.<br \/>\n<strong>Zahlungsm\u00f6glichkeiten:<\/strong> Sobald Ihr Guthaben 25 \u00a3 erreicht hat, k\u00f6nnen Sie Ihre Provision einfordern oder sie zur Bezahlung Ihrer eigenen Rechnungen verwenden.<br \/>\n<strong>Zahlungsfrequenz:<\/strong> Freitag jeder Woche (wenn der Freitag ein Feiertag ist, erfolgt die Zahlung am Donnerstag).<\/p>\n<p>&nbsp;<\/p>\n<h3 style=\"text-align: center;\">Wenn Sie die Empfehlung unseres Links zu einem Nebenjob oder einer Vollzeitbesch\u00e4ftigung machen wollen, geben wir Ihnen alle Hilfe, die Sie brauchen,<\/h3>\n<h3 style=\"text-align: center;\">um Ihr Einkommen zu maximieren!<br \/>\nDas Potential, Millionen von Forint zu verdienen, liegt direkt vor Ihnen!<\/h3>\n<h3><\/h3>\n<h3>Machen Sie jetzt mit!<\/h3>\n<p>Z\u00f6gern Sie nicht und nutzen Sie diese au\u00dfergew\u00f6hnliche Gelegenheit, Geld zu verdienen, w\u00e4hrend Sie anderen helfen, unsere Dienstleistungen zu entdecken!<\/p>\n<p>Sie sind nur einen Klick davon entfernt, von unserem Partnerprogramm zu profitieren!<\/p>\n<h3><\/h3>\n<h3>1. registrieren Sie sich f\u00fcr ein Konto oder melden Sie sich bei Ihrem Konto an<\/h3>\n<p>(Sehen Sie sich die Anweisungen zur Anmeldung hier an: https:\/\/nemzetkozicegalapitas.com\/affiliate-regisztracio-lepesrol-lepesre\/)<\/p>\n<h3>2. erhalten Sie Ihren eigenen Partnerlink<br \/>\n3. w\u00e4hlen Sie aus, welche unserer Dienstleistungen Sie bewerben m\u00f6chten<br \/>\n4. h\u00e4ufig gestellte Fragen zum Partnerprogramm<\/h3>\n<p><\/p>","protected":false},"excerpt":{"rendered":"<p><p>Wir stellen unser Partnerprogramm vor! Wir freuen uns, den Start unseres neuen Partnerprogramms bekannt zu geben, das unseren Kunden und allen, die mit uns Geld verdienen m\u00f6chten, eine einzigartige M\u00f6glichkeit bietet. Wie funktioniert es? Loggen Sie sich zun\u00e4chst in Ihr eigenes Konto auf unserer Website ein oder registrieren Sie Ihr Konto hier bei uns: Registrieren<\/p>\n<\/p>","protected":false},"author":5,"featured_media":0,"parent":0,"menu_order":0,"comment_status":"closed","ping_status":"closed","template":"","meta":{"footnotes":""},"class_list":["post-6672","page","type-page","status-publish","hentry"],"_links":{"self":[{"href":"https:\/\/ifcfa.org\/de\/wp-json\/wp\/v2\/pages\/6672"}],"collection":[{"href":"https:\/\/ifcfa.org\/de\/wp-json\/wp\/v2\/pages"}],"about":[{"href":"https:\/\/ifcfa.org\/de\/wp-json\/wp\/v2\/types\/page"}],"author":[{"embeddable":true,"href":"https:\/\/ifcfa.org\/de\/wp-json\/wp\/v2\/users\/5"}],"replies":[{"embeddable":true,"href":"https:\/\/ifcfa.org\/de\/wp-json\/wp\/v2\/comments?post=6672"}],"version-history":[{"count":19,"href":"https:\/\/ifcfa.org\/de\/wp-json\/wp\/v2\/pages\/6672\/revisions"}],"predecessor-version":[{"id":6692,"href":"https:\/\/ifcfa.org\/de\/wp-json\/wp\/v2\/pages\/6672\/revisions\/6692"}],"wp:attachment":[{"href":"https:\/\/ifcfa.org\/de\/wp-json\/wp\/v2\/media?parent=6672"}],"curies":[{"name":"wp","href":"https:\/\/api.w.org\/{rel}","templated":true}]}}