{"id":6116,"date":"2019-01-25T00:02:51","date_gmt":"2019-01-25T00:02:51","guid":{"rendered":"https:\/\/ifcfa.org\/?page_id=6116"},"modified":"2020-11-29T22:47:04","modified_gmt":"2020-11-29T22:47:04","slug":"transferwise","status":"publish","type":"page","link":"https:\/\/ifcfa.org\/de\/transferwise\/","title":{"rendered":"Transferwise"},"content":{"rendered":"<p>A regisztr\u00e1ci\u00f3 elkezd\u00e9s\u00e9hez kattints ide:<\/p>\n<p><a href=\"https:\/\/transferwise.com\">REGISZTR\u00c1CI\u00d3<\/a><\/p>\n<p>Ezut\u00e1n kattints a megjelen\u0151 k\u00e9perny\u0151n l\u00e1that\u00f3<\/p>\n<p>SIGN UP gombra. (ne zavarjon meg, ha m\u00e1sik sz\u00edn\u0171 oldalt l\u00e1tsz, n\u00e9ha v\u00e1ltoztatj\u00e1k!)<\/p>\n<hr \/>\n<p>A k\u00f6vetkez\u0151 oldalon 3 k\u00fcl\u00f6nb\u00f6z\u0151 m\u00f3don tudsz regisztr\u00e1lni.<\/p>\n<p>1.Amennyiben Google (gmail) e-mail kiszolg\u00e1l\u00f3t haszn\u00e1lsz, csak kattints a \u00a0google linkre. Ha nem vagy bejelentkezve, jelentkezz be a gmail c\u00edmedhez tartoz\u00f3 aktu\u00e1lis jelsz\u00f3val.<br \/>\n2.Ha Facebook felhaszn\u00e1l\u00f3 vagy, regisztr\u00e1lhatsz TransferWise fi\u00f3kot a Facebook fi\u00f3koddal is. Ebben az esetben a Facebook fi\u00f3kodhoz tartoz\u00f3 jelsz\u00f3-email kombin\u00e1ci\u00f3t kell megadnod.<br \/>\n3.Az \u00dcdv\u00f6zl\u0151 sz\u00f6veg alatti <span style=\"text-decoration: underline;\">Log in<\/span>-ra kattintva regisztr\u00e1lhatsz \u00f6n\u00e1ll\u00f3 TransferWise fi\u00f3kot. Ebben az esetben az els\u0151 n\u00e9gyzetbe \u00edrd be azt az e-mail c\u00edmet, amivel regisztr\u00e1lni szeretn\u00e9l. A m\u00e1sodik \u00e9s a harmadik n\u00e9gyzetbe pedig egy \u00e1ltalad v\u00e1lasztott jelsz\u00f3t. Mindk\u00e9t utols\u00f3 n\u00e9gyzetbe megegyez\u0151 jelsz\u00f3t kell be\u00edrnod.<br \/>\nHa ezzel megvagy, kattints a z\u00f6ld gombra a folytat\u00e1shoz.<\/p>\n<hr \/>\n<p>Amennyiben a k\u00f6vetkez\u0151 oldalon a TransferWise enged\u00e9lyt k\u00e9r t\u0151led az e-mail c\u00edmed \u00e9s\/vagy az alapvet\u0151 profil adataid megtekint\u00e9s\u00e9re, k\u00e9rlek kattints az ELFOGAD\u00c1S-ra.<\/p>\n<hr \/>\n<p>A k\u00f6vetkez\u0151 oldalon m\u00e1r lehet\u0151s\u00e9get kapsz az els\u0151 \u00e1tutal\u00e1si megb\u00edz\u00e1s megad\u00e1s\u00e1ra.<\/p>\n<p>Amennyiben most szeretn\u00e9l utalni, ezen az oldalon be kell \u00e1ll\u00edtanod, hogy mekkora \u00f6sszeget szeretn\u00e9l k\u00fclf\u00f6ldre elk\u00fcldeni, milyen valutanemben k\u00fcld\u00f6d \u00e9s milyen valutanemben kapja meg a kedvezm\u00e9nyezett. Ha mindent be\u00e1ll\u00edtott\u00e1l, a tov\u00e1bb l\u00e9p\u00e9shez a z\u00f6ld gombra kell kattintanod.<\/p>\n<p>Amennyiben m\u00e9g nem szeretn\u00e9l utalni, kattints a bal fels\u0151 sarokban l\u00e9v\u0151 TransferWise log\u00f3ra. Ez \u00e1t fog ir\u00e1ny\u00edtani t\u00e9ged a f\u0151oldalra, ahol meg tudod n\u00e9zni az \u00faj fi\u00f3kodat.<\/p>\n<hr \/>\n<ul>\n<li>A m\u00e1sodik l\u00e9p\u00e9sben meg kell adnod az adataidat.<\/li>\n<li>A harmadik l\u00e9p\u00e9sben meg kell adnod kinek akarod elk\u00fcldeni a p\u00e9nzt<\/li>\n<li>A negyedik l\u00e9p\u00e9sben ellen\u0151rizned kell a felvitt adatokat<\/li>\n<li>Az \u00f6t\u00f6dik l\u00e9p\u00e9sben fizesd be a p\u00e9nzt a Transferwise-ba<\/li>\n<li>A hatodik l\u00e9p\u00e9sben pedig a c\u00e9g \u00e1tutalja a p\u00e9nzt a megadott banksz\u00e1mlasz\u00e1mra.<\/li>\n<\/ul>\n<p>\u00c1ltal\u00e1ban 1 &#8211; 3 nap alatt meg\u00e9rkezik a k\u00fcld\u00f6tt p\u00e9nz, att\u00f3l f\u00fcgg\u0151en, hogy a fogad\u00f3 orsz\u00e1gban \u00e9ppen munkanap van e.<\/p>\n","protected":false},"excerpt":{"rendered":"<p><p>A regisztr\u00e1ci\u00f3 elkezd\u00e9s\u00e9hez kattints ide: REGISZTR\u00c1CI\u00d3 Ezut\u00e1n kattints a megjelen\u0151 k\u00e9perny\u0151n l\u00e1that\u00f3 SIGN UP gombra. (ne zavarjon meg, ha m\u00e1sik sz\u00edn\u0171 oldalt l\u00e1tsz, n\u00e9ha v\u00e1ltoztatj\u00e1k!) A k\u00f6vetkez\u0151 oldalon 3 k\u00fcl\u00f6nb\u00f6z\u0151 m\u00f3don tudsz regisztr\u00e1lni. 1.Amennyiben Google (gmail) e-mail kiszolg\u00e1l\u00f3t haszn\u00e1lsz, csak kattints a \u00a0google linkre. Ha nem vagy bejelentkezve, jelentkezz be a gmail c\u00edmedhez tartoz\u00f3 aktu\u00e1lis<\/p>\n<\/p>","protected":false},"author":5,"featured_media":0,"parent":0,"menu_order":0,"comment_status":"closed","ping_status":"closed","template":"","meta":{"footnotes":""},"class_list":["post-6116","page","type-page","status-publish","hentry"],"_links":{"self":[{"href":"https:\/\/ifcfa.org\/de\/wp-json\/wp\/v2\/pages\/6116"}],"collection":[{"href":"https:\/\/ifcfa.org\/de\/wp-json\/wp\/v2\/pages"}],"about":[{"href":"https:\/\/ifcfa.org\/de\/wp-json\/wp\/v2\/types\/page"}],"author":[{"embeddable":true,"href":"https:\/\/ifcfa.org\/de\/wp-json\/wp\/v2\/users\/5"}],"replies":[{"embeddable":true,"href":"https:\/\/ifcfa.org\/de\/wp-json\/wp\/v2\/comments?post=6116"}],"version-history":[{"count":4,"href":"https:\/\/ifcfa.org\/de\/wp-json\/wp\/v2\/pages\/6116\/revisions"}],"predecessor-version":[{"id":6298,"href":"https:\/\/ifcfa.org\/de\/wp-json\/wp\/v2\/pages\/6116\/revisions\/6298"}],"wp:attachment":[{"href":"https:\/\/ifcfa.org\/de\/wp-json\/wp\/v2\/media?parent=6116"}],"curies":[{"name":"wp","href":"https:\/\/api.w.org\/{rel}","templated":true}]}}