{"id":5664,"date":"2018-10-22T09:27:46","date_gmt":"2018-10-22T09:27:46","guid":{"rendered":"https:\/\/ifcfa.org\/?page_id=5664"},"modified":"2018-12-30T10:40:36","modified_gmt":"2018-12-30T10:40:36","slug":"featured-members","status":"publish","type":"page","link":"https:\/\/ifcfa.org\/de\/featured-members\/","title":{"rendered":"Besondere Mitglieder"},"content":{"rendered":"<p><\/p>\n<h2>Priorit\u00e4tsmitglieder<\/h2>\n<p>Ein Priorit\u00e4tsmitglied des Verbandes kann eine nat\u00fcrliche Person, eine juristische Person oder eine juristische Person werden, die:<\/p>\n<p>&nbsp;<\/p>\n<p><strong>Basierend auf einer ausgew\u00e4hlten Mitgliedschaft:<\/strong><\/p>\n<ul>\n<li>Akzeptiert die Ziele des Vereins und die mit dem Mitgliedschaftstyp verbundenen Verpflichtungen,<\/li>\n<li>Bezahlen Sie den j\u00e4hrlichen Mitgliedsbeitrag und<\/li>\n<li>Von der IFCFA-Pr\u00e4sidentschaft f\u00fcr diese Position als Mitglied gew\u00e4hlt.<\/li>\n<\/ul>\n<p>&nbsp;<\/p>\n<h2>Definition der vorrangigen Mitgliedschaft:<\/h2>\n<p>Das ausgew\u00e4hlte Mitglied kann im Rahmen der Empfehlung von allen Mitgliedern der Pr\u00e4sidentschaft ausgew\u00e4hlt werden.<\/p>\n<p>Die gew\u00e4hlte Mitgliedschaft bietet eine prominente Mitgliedschaft in der Vereinigung f\u00fcr alle Arten von Mitgliedschaft. Eine nat\u00fcrliche Person oder eine juristische Person (mit einer prominenten Mitgliedschaft) kann Arbeitsgruppen bilden, ihre Arbeit \u00fcberwachen, sie leiten und f\u00fcr die Arbeit der Arbeitsgruppe verantwortlich sein.<\/p>\n<p>Die Person, die die Mitgliedschaft beantragt, wird nach Zahlung des Mitgliedsbeitrags von den Sekret\u00e4ren registriert und sendet eine elektronische Nachricht an das Mitglied der Registrierung. Beginn der Mitgliedschaft f\u00fcr das Mitglied ist der Tag, an dem die Pr\u00e4sidentschaft der Vereinigung \u00fcber die Mitgliedschaft entschieden hat.<\/p>","protected":false},"excerpt":{"rendered":"<p><p>Priorit\u00e4tsmitglieder Ein Priorit\u00e4tsmitglied des Verbandes kann eine nat\u00fcrliche Person, eine juristische Person oder eine juristische Person werden, die: &nbsp; Basierend auf einer ausgew\u00e4hlten Mitgliedschaft: Akzeptiert die Ziele des Vereins und die mit dem Mitgliedschaftstyp verbundenen Verpflichtungen, Bezahlen Sie den j\u00e4hrlichen Mitgliedsbeitrag und Von der IFCFA-Pr\u00e4sidentschaft f\u00fcr diese Position als Mitglied gew\u00e4hlt. &nbsp; Definition der vorrangigen<\/p>\n<\/p>","protected":false},"author":5,"featured_media":0,"parent":0,"menu_order":0,"comment_status":"closed","ping_status":"closed","template":"","meta":{"footnotes":""},"class_list":["post-5664","page","type-page","status-publish","hentry"],"_links":{"self":[{"href":"https:\/\/ifcfa.org\/de\/wp-json\/wp\/v2\/pages\/5664"}],"collection":[{"href":"https:\/\/ifcfa.org\/de\/wp-json\/wp\/v2\/pages"}],"about":[{"href":"https:\/\/ifcfa.org\/de\/wp-json\/wp\/v2\/types\/page"}],"author":[{"embeddable":true,"href":"https:\/\/ifcfa.org\/de\/wp-json\/wp\/v2\/users\/5"}],"replies":[{"embeddable":true,"href":"https:\/\/ifcfa.org\/de\/wp-json\/wp\/v2\/comments?post=5664"}],"version-history":[{"count":13,"href":"https:\/\/ifcfa.org\/de\/wp-json\/wp\/v2\/pages\/5664\/revisions"}],"predecessor-version":[{"id":6083,"href":"https:\/\/ifcfa.org\/de\/wp-json\/wp\/v2\/pages\/5664\/revisions\/6083"}],"wp:attachment":[{"href":"https:\/\/ifcfa.org\/de\/wp-json\/wp\/v2\/media?parent=5664"}],"curies":[{"name":"wp","href":"https:\/\/api.w.org\/{rel}","templated":true}]}}