{"id":5406,"date":"2018-07-26T13:42:06","date_gmt":"2018-07-26T13:42:06","guid":{"rendered":"https:\/\/ifcfa.org\/?page_id=5406"},"modified":"2018-12-30T10:32:41","modified_gmt":"2018-12-30T10:32:41","slug":"selected-membership","status":"publish","type":"page","link":"https:\/\/ifcfa.org\/de\/selected-membership\/","title":{"rendered":"Ausgew\u00e4hlte Mitgliedschaft"},"content":{"rendered":"<p>Ein gew\u00e4hltes Mitglied des Vereins kann eine nat\u00fcrliche Person (juristische Person) werden<\/p>\n<p>&nbsp;<\/p>\n<ol>\n<li><strong>Freiwillig:<\/strong><\/li>\n<\/ol>\n<ul>\n<li>Erkl\u00e4rt die Absicht des Eintritts,<\/li>\n<li>Akzeptiert die Ziele des Vereins und die mit dem Mitgliedschaftstyp verbundenen Verpflichtungen,<\/li>\n<li>Bezahlen Sie den j\u00e4hrlichen Mitgliedsbeitrag und<\/li>\n<li>Von der IFCFA-Pr\u00e4sidentschaft als Mitglied der nominierten Position gew\u00e4hlt.<\/li>\n<\/ul>\n<p>&nbsp;<\/p>\n<p>2. <strong>Auf der Grundlage der gew\u00e4hlten Mitgliedschaft:<\/strong><\/p>\n<ul>\n<li>Erkl\u00e4rt die Absicht des Eintritts,<\/li>\n<li>Akzeptiert die Ziele des Vereins und die mit dem Mitgliedschaftstyp verbundenen Verpflichtungen,<\/li>\n<li>Bezahlen Sie den j\u00e4hrlichen Mitgliedsbeitrag und<\/li>\n<li>Von der IFCFA-Pr\u00e4sidentschaft als Mitglied der nominierten Position gew\u00e4hlt.<\/li>\n<\/ul>\n<p>&nbsp;<\/p>\n<h2>Gew\u00e4hlte Mitgliedschaftsdefinition:<\/h2>\n<p>Das gew\u00e4hlte Mitglied kann durch die Empfehlung von 13 Mitgliedern ausgew\u00e4hlt werden, die Mitglied in der Mitgliedschaft des Vereins sind.<\/p>\n<p>Die gew\u00e4hlte Mitgliedschaft bietet eine gleichwertige Mitgliedschaft in der Mitgliedschaft des Bundes.<\/p>\n<p>Die Person, die die Mitgliedschaft beantragt, wird nach Zahlung des Mitgliedsbeitrags von den Sekret\u00e4ren registriert und sendet eine elektronische Nachricht an das Mitglied der Registrierung. Das Startdatum der Mitgliedschaft f\u00fcr das Mitglied ist der Tag, an dem die Pr\u00e4sidentschaft der Vereinigung eine Entscheidung bez\u00fcglich der Mitgliedschaft getroffen hat.<\/p>\n<p>&nbsp;<\/p>\n<h2>Wenn Sie Mitglied von IFCFA sein m\u00f6chten, f\u00fcllen Sie bitte das folgende Antragsformular aus:<\/h2>\n<p>[vfb id = 8]<\/p>\n<p>&nbsp;<\/p>\n<p>Um die Bundesmitgliedschaft fortzusetzen, klicken Sie auf den Link \u201c<strong>Login<\/strong>\u201d (rechts im Men\u00fc), um ein Konto mit Ihren eigenen Daten zu registrieren. In Ihrem fertigen Konto k\u00f6nnen Sie auf den \u201c<strong>Shop<\/strong>\u201d -Button in der Kopfzeile (links oben) klicken, um die entsprechende Mitgliedschaft auszuw\u00e4hlen, und dann k\u00f6nnen Sie Ihre Bestellung t\u00e4tigen, indem Sie die folgenden Zahlungsoptionen ausw\u00e4hlen:<\/p>\n<ul>\n<li><strong>PayPal<\/strong>\u00a0&gt; (Schritte: Paket ausw\u00e4hlen)&gt;\u00a0<strong>Zahlung<\/strong>\u00a0(gr\u00fcner Knopf) &gt; (PayPal-Auswahl)\u00a0<strong>PayPal<\/strong>\u00a0&gt;\u00a0<strong>Bestellung<\/strong>\u00a0(Blauer Knopf) &gt;\u00a0<strong>Melden Sie sich bei Ihrem PayPal-Konto an<\/strong><\/li>\n<li><strong>Kreditkarte<\/strong>\u00a0&gt; (Schritte: Paket ausw\u00e4hlen) &gt;\u00a0<strong>Zahlung<\/strong>\u00a0(gr\u00fcner Knopf) &gt; (PayPal-Auswahl)\u00a0<strong>PayPal<\/strong>\u00a0&gt;\u00a0<strong>Bestellung<\/strong>\u00a0(blauer Knopf) &gt;\u00a0<strong>Zahlung mit Kreditkarte<\/strong><\/li>\n<li><strong>Per Bank\u00fcberweisung<\/strong>\u00a0&gt; (Schritte: Paket ausw\u00e4hlen) &gt;\u00a0<strong>Zahlung<\/strong>\u00a0(gr\u00fcner Knopf) &gt; (W\u00e4hlen Sie die Zahlungsmethode)\u00a0<strong>Mail in Zahlung<\/strong>\u00a0&gt;\u00a0<strong>Bestellung<\/strong>\u00a0(blaue Taste) Option.<br \/>\nMit den obigen Schritten k\u00f6nnen Sie Ihre Bestellung f\u00fcr IFCFA Alliance bestellen.<\/li>\n<\/ul>\n<p><strong>Sobald die Zahlung eintrifft, senden wir Ihnen eine Best\u00e4tigung, um das korrekte Ausf\u00fcllen des Formulars zu \u00fcberpr\u00fcfen. Sobald Sie die Best\u00e4tigung der Richtigkeit der Daten erhalten haben, starten wir den Login-Vorgang und senden Ihnen weitere Schritte.<\/strong><\/p>","protected":false},"excerpt":{"rendered":"<p><p>Ein gew\u00e4hltes Mitglied des Vereins kann eine nat\u00fcrliche Person (juristische Person) werden &nbsp; Freiwillig: Erkl\u00e4rt die Absicht des Eintritts, Akzeptiert die Ziele des Vereins und die mit dem Mitgliedschaftstyp verbundenen Verpflichtungen, Bezahlen Sie den j\u00e4hrlichen Mitgliedsbeitrag und Von der IFCFA-Pr\u00e4sidentschaft als Mitglied der nominierten Position gew\u00e4hlt. &nbsp; 2. Auf der Grundlage der gew\u00e4hlten Mitgliedschaft: Erkl\u00e4rt<\/p>\n<\/p>","protected":false},"author":5,"featured_media":0,"parent":0,"menu_order":0,"comment_status":"closed","ping_status":"closed","template":"","meta":{"footnotes":""},"class_list":["post-5406","page","type-page","status-publish","hentry"],"_links":{"self":[{"href":"https:\/\/ifcfa.org\/de\/wp-json\/wp\/v2\/pages\/5406"}],"collection":[{"href":"https:\/\/ifcfa.org\/de\/wp-json\/wp\/v2\/pages"}],"about":[{"href":"https:\/\/ifcfa.org\/de\/wp-json\/wp\/v2\/types\/page"}],"author":[{"embeddable":true,"href":"https:\/\/ifcfa.org\/de\/wp-json\/wp\/v2\/users\/5"}],"replies":[{"embeddable":true,"href":"https:\/\/ifcfa.org\/de\/wp-json\/wp\/v2\/comments?post=5406"}],"version-history":[{"count":14,"href":"https:\/\/ifcfa.org\/de\/wp-json\/wp\/v2\/pages\/5406\/revisions"}],"predecessor-version":[{"id":6082,"href":"https:\/\/ifcfa.org\/de\/wp-json\/wp\/v2\/pages\/5406\/revisions\/6082"}],"wp:attachment":[{"href":"https:\/\/ifcfa.org\/de\/wp-json\/wp\/v2\/media?parent=5406"}],"curies":[{"name":"wp","href":"https:\/\/api.w.org\/{rel}","templated":true}]}}