{"id":5404,"date":"2018-07-26T13:40:58","date_gmt":"2018-07-26T13:40:58","guid":{"rendered":"https:\/\/ifcfa.org\/?page_id=5404"},"modified":"2023-05-07T22:05:15","modified_gmt":"2023-05-07T22:05:15","slug":"basic-membership","status":"publish","type":"page","link":"https:\/\/ifcfa.org\/de\/basic-membership\/","title":{"rendered":"Basismitgliedschaft"},"content":{"rendered":"<p><\/p>\n<h2>Mitgliedschaft \/ Bundesmitgliedschaft<\/h2>\n<p>Ein Mitglied von IFCFA kann eine Person (nat\u00fcrliche Person, juristische Person, nicht-juristische Person) werden, die t\u00e4tig ist in: Gr\u00fcndung eines Unternehmens, Gr\u00fcndung einer Gesellschaft, Abrechnungsdienste, Buchhaltung, Lohn- und Gehaltsabrechnung, Rechnungspr\u00fcfung und Buchf\u00fchrung.<\/p>\n<p>&nbsp;<\/p>\n<ol>\n<li><strong>Auf freiwilliger Basis:<\/strong><\/li>\n<\/ol>\n<ul>\n<li>Erkl\u00e4rt die Absicht der Einreise,<\/li>\n<li>Akzeptiert die Ziele des Vereins und die mit dem Mitgliedschaftstyp verbundenen Verpflichtungen,<\/li>\n<li>Bezahlen Sie den j\u00e4hrlichen Mitgliedsbeitrag und<\/li>\n<li>Von der IFCFA-Pr\u00e4sidentschaft als Mitglied der nominierten Position gew\u00e4hlt.<\/li>\n<\/ul>\n<p>&nbsp;<\/p>\n<p>2. <strong>Auf der Grundlage der gew\u00e4hlten Mitgliedschaft:<\/strong><\/p>\n<ul>\n<li>Erkl\u00e4rt die Absicht des Eintritts,<\/li>\n<li>Akzeptiert die Ziele des Vereins und die mit dem Mitgliedschaftstyp verbundenen Verpflichtungen,<\/li>\n<li>Bezahlen Sie den j\u00e4hrlichen Mitgliedsbeitrag und<\/li>\n<li>Von der IFCFA-Pr\u00e4sidentschaft als Mitglied der nominierten Position gew\u00e4hlt.<\/li>\n<\/ul>\n<p>&nbsp;<\/p>\n<h2>Die Mitgliedschaft umfasst:<\/h2>\n<ul>\n<li>Zu der vom Mitglied gew\u00e4hlten nationalen Mitgliedschaft (Mitgliedschaftsmitgliedschaft),<\/li>\n<li>F\u00fcr die internationale Mitgliedschaft von IFCFA (Federal Membership)<\/li>\n<\/ul>\n<p>&nbsp;<\/p>\n<h2>Der Mitgliedsbeitrag<\/h2>\n<p>Der Mitgliedsbeitrag des Vereins wird vom Pr\u00e4sidium des Vereins festgelegt.<\/p>\n<p>Der aktuelle Jahresbeitrag und seine \u00c4nderung werden den Mitgliedern per E-Mail mitgeteilt. Der aktuelle Mitgliedsbeitrag ist auf der Seite &#8222;Mitgliedsbeitr\u00e4ge&#8220; ersichtlich.<\/p>\n<p>Der Mitgliedsbeitrag muss per \u00dcberweisung auf das Konto des Vereins, per PayPal oder durch die Anzahlung bei den \u00f6rtlichen B\u00fcros des IFCFA-Verbandes bezahlt werden.<\/p>\n<p>Das Mitgliedschaftszertifikat wird der Firma oder dem Unternehmen auf den Namen des Verwalters \/ Vertreters der Firma gegeben.<\/p>\n<p>&nbsp;<\/p>\n<h2>Rechte und Pflichten des Bundesmitglieds<\/h2>\n<p>Das Bundesmitglied<\/p>\n<ul>\n<li>Teilnahme an den Aktivit\u00e4ten und Veranstaltungen des Vereins;<\/li>\n<li>Stimme in der Versammlung;<\/li>\n<li>Wenn er \/ sie die gesetzlichen Voraussetzungen erf\u00fcllt, kann er \/ sie in jedes B\u00fcro des Vereins gew\u00e4hlt werden;<\/li>\n<li>Vorschl\u00e4ge zur Tagesordnung der Mitgliederversammlung machen;<\/li>\n<li>Initiierung der Aufnahme eines Ehrenmitglieds;<\/li>\n<li>Das Recht haben, die von dem Verein angebotenen Dienstleistungen f\u00fcr seine Mitglieder zu nutzen.<\/li>\n<li>Nur ein Mitglied des Verbandes kann freiwillig dem Haftpflichtversicherungsprogramm der Vereinigung beitreten. Die Mitgliedschaft in der Haftpflichtversicherung beinhaltet einen erh\u00f6hten Mitgliedsbeitrag und Anspr\u00fcche, die durch die Versicherungspolice der Vereinigung garantiert werden.<\/li>\n<li>Das Bundesmitglied erh\u00e4lt Zugang zu den elektronischen Kommunikationskan\u00e4len des Verbandes. Bei der Gew\u00e4hrung des Zugriffs \u00fcberpr\u00fcfen die Sekret\u00e4re, die im Auftrag des Verbandes handeln, die Berechtigung des Benutzers gegen\u00fcber dem Benutzer durch \u00dcberpr\u00fcfung der Identit\u00e4t.<\/li>\n<\/ul>\n<p>&nbsp;<\/p>\n<h2>Vorteile der Mitgliedschaft<\/h2>\n<p>Das Bundesmitglied stellt die Schl\u00fcsselw\u00f6rter bereit, die bei der Registrierung f\u00fcr die Unterseiten der Vereinigung in den Suchmaschinen angezeigt werden sollen.<\/p>\n<p>(Google, Yahoo, Bing, Suche, Yandex).<\/p>\n<p>Basierend auf den Keywords, die Sie eingegeben haben, die Zuordnung (das Mitglied bei der Registrierung angegeben) Unterseiten-Suchmaschinen-Optimierung auf Google, Yahoo, Bing, Suche, Yandex-Seiten.<\/p>\n<p>Basierend auf den von Ihnen eingegebenen Suchbegriffen erscheint die Assoziationsseite (angezeigt vom Mitglied bei der Registrierung) auf der ersten Seite in den Suchmaschinen.<\/p>\n<p>&nbsp;<\/p>\n<h2>Basierend auf:<\/h2>\n<ul>\n<li>Die Website und die E-Mail-Adresse des Bundesmitglieds werden auf https:\/\/ifcfa.org erscheinen<\/li>\n<li>Das Bundesmitglied kann auch von https:\/\/ifcfa.org Besuchern direkt besucht werden<\/li>\n<li>Weiterleiten von Anfragen von Besuchern an ifcfa.org an Mitglieder<\/li>\n<li>Das Bundesmitglied erh\u00e4lt Empfehlungen und Auftr\u00e4ge<\/li>\n<\/ul>\n<p>Mitglieder, Verbandsseiten, werden in der Reihenfolge aufgelistet, in der sie angezeigt werden, unabh\u00e4ngig von der Registrierungszeit, der Geb\u00fchrenzahlung oder der Spenden- oder Sponsoringgr\u00f6\u00dfe.<\/p>\n<p>Ein Bundesmitglied f\u00fchrt so viele Aktivit\u00e4ten durch wie der Verband, je h\u00f6her es auf der Web-Mitgliederliste wird.<\/p>\n<p>&nbsp;<\/p>\n<h2>Wenn Sie Mitglied von IFCFA sein m\u00f6chten, f\u00fcllen Sie bitte das untenstehende Antragsformular aus:<\/h2>\n<p>&nbsp;<\/p>\n<p>[vfb id = 2]<\/p>\n<p>&nbsp;<\/p>\n<p>Um die Bundesmitgliedschaft fortzusetzen, klicken Sie auf den Link \u201c<strong>Login<\/strong>\u201d (rechts im Men\u00fc), um ein Konto mit Ihren eigenen Daten zu registrieren. In Ihrem fertigen Konto k\u00f6nnen Sie auf den \u201c<strong>Shop<\/strong>\u201d -Button in der Kopfzeile (links oben) klicken, um die entsprechende Mitgliedschaft auszuw\u00e4hlen, und dann k\u00f6nnen Sie Ihre Bestellung t\u00e4tigen, indem Sie die folgenden Zahlungsoptionen ausw\u00e4hlen:<\/p>\n<ul>\n<li><strong>PayPal<\/strong>\u00a0&gt; (Schritte: Paket ausw\u00e4hlen)&gt;\u00a0<strong>Zahlung<\/strong>\u00a0(gr\u00fcner Knopf) &gt; (PayPal-Auswahl)\u00a0<strong>PayPal<\/strong>\u00a0&gt;\u00a0<strong>Bestellung<\/strong>\u00a0(Blauer Knopf) &gt;\u00a0<strong>Melden Sie sich bei Ihrem PayPal-Konto an<\/strong><\/li>\n<li><strong>Kreditkarte<\/strong>\u00a0&gt; (Schritte: Paket ausw\u00e4hlen) &gt;\u00a0<strong>Zahlung<\/strong>\u00a0(gr\u00fcner Knopf) &gt; (PayPal-Auswahl)\u00a0<strong>PayPal<\/strong>\u00a0&gt;\u00a0<strong>Bestellung<\/strong>\u00a0(blauer Knopf) &gt;\u00a0<strong>Zahlung mit Kreditkarte<\/strong><\/li>\n<li><strong>Per Bank\u00fcberweisung<\/strong>\u00a0&gt; (Schritte: Paket ausw\u00e4hlen) &gt;\u00a0<strong>Zahlung<\/strong>\u00a0(gr\u00fcner Knopf) &gt; (W\u00e4hlen Sie die Zahlungsmethode)\u00a0<strong>Mail in Zahlung<\/strong>\u00a0&gt;\u00a0<strong>Bestellung<\/strong>\u00a0(blaue Taste) Option.<br \/>\nMit den obigen Schritten k\u00f6nnen Sie Ihre Bestellung f\u00fcr IFCFA Alliance bestellen.<\/li>\n<\/ul>\n<p><strong>Sobald die Zahlung eintrifft, senden wir Ihnen eine Best\u00e4tigung, um das korrekte Ausf\u00fcllen des Formulars zu \u00fcberpr\u00fcfen. Sobald Sie die Best\u00e4tigung der Richtigkeit der Daten erhalten haben, starten wir den Login-Vorgang und senden Ihnen weitere Schritte.<\/strong><\/p>","protected":false},"excerpt":{"rendered":"<p><p>Mitgliedschaft \/ Bundesmitgliedschaft Ein Mitglied von IFCFA kann eine Person (nat\u00fcrliche Person, juristische Person, nicht-juristische Person) werden, die t\u00e4tig ist in: Gr\u00fcndung eines Unternehmens, Gr\u00fcndung einer Gesellschaft, Abrechnungsdienste, Buchhaltung, Lohn- und Gehaltsabrechnung, Rechnungspr\u00fcfung und Buchf\u00fchrung. &nbsp; Auf freiwilliger Basis: Erkl\u00e4rt die Absicht der Einreise, Akzeptiert die Ziele des Vereins und die mit dem Mitgliedschaftstyp verbundenen<\/p>\n<\/p>","protected":false},"author":5,"featured_media":0,"parent":0,"menu_order":0,"comment_status":"closed","ping_status":"closed","template":"","meta":{"footnotes":""},"class_list":["post-5404","page","type-page","status-publish","hentry"],"_links":{"self":[{"href":"https:\/\/ifcfa.org\/de\/wp-json\/wp\/v2\/pages\/5404"}],"collection":[{"href":"https:\/\/ifcfa.org\/de\/wp-json\/wp\/v2\/pages"}],"about":[{"href":"https:\/\/ifcfa.org\/de\/wp-json\/wp\/v2\/types\/page"}],"author":[{"embeddable":true,"href":"https:\/\/ifcfa.org\/de\/wp-json\/wp\/v2\/users\/5"}],"replies":[{"embeddable":true,"href":"https:\/\/ifcfa.org\/de\/wp-json\/wp\/v2\/comments?post=5404"}],"version-history":[{"count":55,"href":"https:\/\/ifcfa.org\/de\/wp-json\/wp\/v2\/pages\/5404\/revisions"}],"predecessor-version":[{"id":6515,"href":"https:\/\/ifcfa.org\/de\/wp-json\/wp\/v2\/pages\/5404\/revisions\/6515"}],"wp:attachment":[{"href":"https:\/\/ifcfa.org\/de\/wp-json\/wp\/v2\/media?parent=5404"}],"curies":[{"name":"wp","href":"https:\/\/api.w.org\/{rel}","templated":true}]}}