{"id":5398,"date":"2018-07-26T13:38:01","date_gmt":"2018-07-26T13:38:01","guid":{"rendered":"https:\/\/ifcfa.org\/?page_id=5398"},"modified":"2018-12-30T10:47:42","modified_gmt":"2018-12-30T10:47:42","slug":"correspondence-membership","status":"publish","type":"page","link":"https:\/\/ifcfa.org\/de\/correspondence-membership\/","title":{"rendered":"Korrespondenzmitgliedschaft"},"content":{"rendered":"<p>Ein Mitglied der IFCFA kann eine nat\u00fcrliche Person, eine juristische Person oder eine juristische Person werden, die in folgenden Bereichen t\u00e4tig ist: Gr\u00fcndung eines Unternehmens, Gr\u00fcndung eines Unternehmens, B\u00fcrodienstleistungen, Buchhaltung, Lohn- und Gehaltsabrechnung, Wirtschaftspr\u00fcfung und Buchf\u00fchrung.<\/p>\n<p>&nbsp;<\/p>\n<h2>Freiwillig:<\/h2>\n<p>&#8211; erkl\u00e4rt die Absicht der Einreise,<\/p>\n<p>&#8211; Akzeptiert die Ziele der Vereinigung und die mit der Art der Mitgliedschaft verbundenen Verpflichtungen<\/p>\n<p>&#8211; zahlen Sie den j\u00e4hrlichen Mitgliedsbeitrag<\/p>\n<p>&#8211; Wer ist gew\u00e4hltes Mitglied der Mitgliedschaftspr\u00e4sidentschaft des IFCFA<\/p>\n<p>&#8211; von der IFCFA-Pr\u00e4sidentschaft als Mitglied der nominierten Position gew\u00e4hlt.<\/p>\n<p>&nbsp;<\/p>\n<h2>Aktivit\u00e4ten:<\/h2>\n<p>Im Falle der Registrierung einer Firma oder eines Unternehmens betrifft die Korrespondenzmitgliedschaft nur den Unternehmensleiter.<\/p>\n<p>Der Korrespondent kann Kommentare, Empfehlungen, Erg\u00e4nzungen, Vorschl\u00e4ge machen, die immer schriftlich an die Teamleitung gerichtet werden sollten.<\/p>\n<p>Der Korrespondent kann an den Versammlungen, Versammlungen und Veranstaltungen des Vereins und der Mitglieder teilnehmen, hat jedoch kein Recht zu kommentieren oder zu sprechen.<\/p>\n<p>Die Kommentare und Vorschl\u00e4ge des Korrespondenten sollten immer von der Mitgliederpr\u00e4sidentschaft und den Mitgliedsleitern zur Kenntnis genommen werden.<\/p>\n<p>Das korrespondierende Mitglied kann nur mit der Erlaubnis der Mitgliederpr\u00e4sidentschaft an einer Arbeitsgruppe teilnehmen.<\/p>\n<p>Ein Korrespondent wird nach Zahlung des Mitgliedsbeitrags vom Sekretariat registriert und sendet eine elektronische Nachricht an die Person zur Registrierung. Das Startdatum der Mitgliedschaft f\u00fcr die korrespondierenden Mitglieder ist der Tag (nach den Mitgliedsbeitr\u00e4gen), an dem die Mitgliederpr\u00e4sidentschaft \u00fcber die Wahl ihrer Mitgliedschaft entscheidet.<\/p>\n<p>&nbsp;<\/p>\n<h2>Wenn Sie Mitglied der IFCFA Association werden m\u00f6chten, f\u00fcllen Sie bitte das folgende Antragsformular aus:<\/h2>\n<p>&nbsp;<\/p>\n<p>[vfb id = 2]<\/p>\n<p>&nbsp;<\/p>\n<p>Um die Bundesmitgliedschaft fortzusetzen, klicken Sie auf den Link \u201c<strong>Login<\/strong>\u201d (rechts im Men\u00fc), um ein Konto mit Ihren eigenen Daten zu registrieren. In Ihrem fertigen Konto k\u00f6nnen Sie auf den \u201c<strong>Shop<\/strong>\u201d -Button in der Kopfzeile (links oben) klicken, um die entsprechende Mitgliedschaft auszuw\u00e4hlen, und dann k\u00f6nnen Sie Ihre Bestellung t\u00e4tigen, indem Sie die folgenden Zahlungsoptionen ausw\u00e4hlen:<\/p>\n<ul>\n<li><strong>PayPal<\/strong>\u00a0&gt; (Schritte: Paket ausw\u00e4hlen)&gt;\u00a0<strong>Zahlung<\/strong>\u00a0(gr\u00fcner Knopf) &gt; (PayPal-Auswahl)\u00a0<strong>PayPal<\/strong>\u00a0&gt;\u00a0<strong>Bestellung<\/strong>\u00a0(Blauer Knopf) &gt;\u00a0<strong>Melden Sie sich bei Ihrem PayPal-Konto an<\/strong><\/li>\n<li><strong>Kreditkarte<\/strong>\u00a0&gt; (Schritte: Paket ausw\u00e4hlen) &gt;\u00a0<strong>Zahlung<\/strong>\u00a0(gr\u00fcner Knopf) &gt; (PayPal-Auswahl)\u00a0<strong>PayPal<\/strong>\u00a0&gt;\u00a0<strong>Bestellung<\/strong>\u00a0(blauer Knopf) &gt;\u00a0<strong>Zahlung mit Kreditkarte<\/strong><\/li>\n<li><strong>Per Bank\u00fcberweisung<\/strong>\u00a0&gt; (Schritte: Paket ausw\u00e4hlen) &gt;\u00a0<strong>Zahlung<\/strong>\u00a0(gr\u00fcner Knopf) &gt; (W\u00e4hlen Sie die Zahlungsmethode)\u00a0<strong>Mail in Zahlung<\/strong>\u00a0&gt;\u00a0<strong>Bestellung<\/strong>\u00a0(blaue Taste) Option.<br \/>\nMit den obigen Schritten k\u00f6nnen Sie Ihre Bestellung f\u00fcr IFCFA Alliance bestellen.<\/li>\n<\/ul>\n<p><strong>Sobald die Zahlung eintrifft, senden wir Ihnen eine Best\u00e4tigung, um das korrekte Ausf\u00fcllen des Formulars zu \u00fcberpr\u00fcfen. Sobald Sie die Best\u00e4tigung der Richtigkeit der Daten erhalten haben, starten wir den Login-Vorgang und senden Ihnen weitere Schritte.<\/strong><\/p>","protected":false},"excerpt":{"rendered":"<p><p>Ein Mitglied der IFCFA kann eine nat\u00fcrliche Person, eine juristische Person oder eine juristische Person werden, die in folgenden Bereichen t\u00e4tig ist: Gr\u00fcndung eines Unternehmens, Gr\u00fcndung eines Unternehmens, B\u00fcrodienstleistungen, Buchhaltung, Lohn- und Gehaltsabrechnung, Wirtschaftspr\u00fcfung und Buchf\u00fchrung. &nbsp; Freiwillig: &#8211; erkl\u00e4rt die Absicht der Einreise, &#8211; Akzeptiert die Ziele der Vereinigung und die mit der Art<\/p>\n<\/p>","protected":false},"author":5,"featured_media":0,"parent":0,"menu_order":0,"comment_status":"closed","ping_status":"closed","template":"","meta":{"footnotes":""},"class_list":["post-5398","page","type-page","status-publish","hentry"],"_links":{"self":[{"href":"https:\/\/ifcfa.org\/de\/wp-json\/wp\/v2\/pages\/5398"}],"collection":[{"href":"https:\/\/ifcfa.org\/de\/wp-json\/wp\/v2\/pages"}],"about":[{"href":"https:\/\/ifcfa.org\/de\/wp-json\/wp\/v2\/types\/page"}],"author":[{"embeddable":true,"href":"https:\/\/ifcfa.org\/de\/wp-json\/wp\/v2\/users\/5"}],"replies":[{"embeddable":true,"href":"https:\/\/ifcfa.org\/de\/wp-json\/wp\/v2\/comments?post=5398"}],"version-history":[{"count":28,"href":"https:\/\/ifcfa.org\/de\/wp-json\/wp\/v2\/pages\/5398\/revisions"}],"predecessor-version":[{"id":6084,"href":"https:\/\/ifcfa.org\/de\/wp-json\/wp\/v2\/pages\/5398\/revisions\/6084"}],"wp:attachment":[{"href":"https:\/\/ifcfa.org\/de\/wp-json\/wp\/v2\/media?parent=5398"}],"curies":[{"name":"wp","href":"https:\/\/api.w.org\/{rel}","templated":true}]}}