{"id":5396,"date":"2018-07-26T13:36:49","date_gmt":"2018-07-26T13:36:49","guid":{"rendered":"https:\/\/ifcfa.org\/?page_id=5396"},"modified":"2018-12-30T10:15:34","modified_gmt":"2018-12-30T10:15:34","slug":"working-groups","status":"publish","type":"page","link":"https:\/\/ifcfa.org\/de\/working-groups\/","title":{"rendered":"Arbeitsgruppen"},"content":{"rendered":"<p><\/p>\n<h2>Das Wesen der Arbeitsgruppe besteht darin, ein gemeinsames Ziel zu schaffen.<\/h2>\n<p><strong>Typen:<\/strong><\/p>\n<ul>\n<li>Marketing-Arbeitsgruppe<\/li>\n<li>Arbeitsgruppe des Ausschusses<\/li>\n<li>Professionelle Arbeitsgruppe<\/li>\n<\/ul>\n<h2>Wenn Sie Mitglied von IFCFA sein m\u00f6chten, f\u00fcllen Sie bitte das untenstehende Antragsformular aus:<\/h2>\n<p>[vfb id = 2]<\/p>\n<p>&nbsp;<\/p>\n<p>Um die Bundesmitgliedschaft fortzusetzen, klicken Sie auf den Link \u201c<strong>Login<\/strong>\u201d (rechts im Men\u00fc), um ein Konto mit Ihren eigenen Daten zu registrieren. In Ihrem fertigen Konto k\u00f6nnen Sie auf den \u201c<strong>Shop<\/strong>\u201d -Button in der Kopfzeile (links oben) klicken, um die entsprechende Mitgliedschaft auszuw\u00e4hlen, und dann k\u00f6nnen Sie Ihre Bestellung t\u00e4tigen, indem Sie die folgenden Zahlungsoptionen ausw\u00e4hlen:<\/p>\n<ul>\n<li><strong>PayPal<\/strong>\u00a0&gt; (Schritte: Paket ausw\u00e4hlen)&gt;\u00a0<strong>Zahlung<\/strong>\u00a0(gr\u00fcner Knopf) &gt; (PayPal-Auswahl)\u00a0<strong>PayPal<\/strong>\u00a0&gt;\u00a0<strong>Bestellung<\/strong>\u00a0(Blauer Knopf) &gt;\u00a0<strong>Melden Sie sich bei Ihrem PayPal-Konto an<\/strong><\/li>\n<li><strong>Kreditkarte<\/strong>\u00a0&gt; (Schritte: Paket ausw\u00e4hlen) &gt;\u00a0<strong>Zahlung<\/strong>\u00a0(gr\u00fcner Knopf) &gt; (PayPal-Auswahl)\u00a0<strong>PayPal<\/strong>\u00a0&gt;\u00a0<strong>Bestellung<\/strong>\u00a0(blauer Knopf) &gt;\u00a0<strong>Zahlung mit Kreditkarte<\/strong><\/li>\n<li><strong>Per Bank\u00fcberweisung<\/strong>\u00a0&gt; (Schritte: Paket ausw\u00e4hlen) &gt;\u00a0<strong>Zahlung<\/strong>\u00a0(gr\u00fcner Knopf) &gt; (W\u00e4hlen Sie die Zahlungsmethode)\u00a0<strong>Mail in Zahlung<\/strong>\u00a0&gt;\u00a0<strong>Bestellung<\/strong>\u00a0(blaue Taste) Option.<br \/>\nMit den obigen Schritten k\u00f6nnen Sie Ihre Bestellung f\u00fcr IFCFA Alliance bestellen.<\/li>\n<\/ul>\n<p><strong>Sobald die Zahlung eintrifft, senden wir Ihnen eine Best\u00e4tigung, um das korrekte Ausf\u00fcllen des Formulars zu \u00fcberpr\u00fcfen. Sobald Sie die Best\u00e4tigung der Richtigkeit der Daten erhalten haben, starten wir den Login-Vorgang und senden Ihnen weitere Schritte.<\/strong><\/p>","protected":false},"excerpt":{"rendered":"<p><p>Das Wesen der Arbeitsgruppe besteht darin, ein gemeinsames Ziel zu schaffen. Typen: Marketing-Arbeitsgruppe Arbeitsgruppe des Ausschusses Professionelle Arbeitsgruppe Wenn Sie Mitglied von IFCFA sein m\u00f6chten, f\u00fcllen Sie bitte das untenstehende Antragsformular aus: [vfb id = 2] &nbsp; Um die Bundesmitgliedschaft fortzusetzen, klicken Sie auf den Link \u201cLogin\u201d (rechts im Men\u00fc), um ein Konto mit Ihren<\/p>\n<\/p>","protected":false},"author":5,"featured_media":0,"parent":0,"menu_order":0,"comment_status":"closed","ping_status":"closed","template":"","meta":{"footnotes":""},"class_list":["post-5396","page","type-page","status-publish","hentry"],"_links":{"self":[{"href":"https:\/\/ifcfa.org\/de\/wp-json\/wp\/v2\/pages\/5396"}],"collection":[{"href":"https:\/\/ifcfa.org\/de\/wp-json\/wp\/v2\/pages"}],"about":[{"href":"https:\/\/ifcfa.org\/de\/wp-json\/wp\/v2\/types\/page"}],"author":[{"embeddable":true,"href":"https:\/\/ifcfa.org\/de\/wp-json\/wp\/v2\/users\/5"}],"replies":[{"embeddable":true,"href":"https:\/\/ifcfa.org\/de\/wp-json\/wp\/v2\/comments?post=5396"}],"version-history":[{"count":10,"href":"https:\/\/ifcfa.org\/de\/wp-json\/wp\/v2\/pages\/5396\/revisions"}],"predecessor-version":[{"id":6078,"href":"https:\/\/ifcfa.org\/de\/wp-json\/wp\/v2\/pages\/5396\/revisions\/6078"}],"wp:attachment":[{"href":"https:\/\/ifcfa.org\/de\/wp-json\/wp\/v2\/media?parent=5396"}],"curies":[{"name":"wp","href":"https:\/\/api.w.org\/{rel}","templated":true}]}}