{"id":5390,"date":"2018-07-26T13:32:06","date_gmt":"2018-07-26T13:32:06","guid":{"rendered":"https:\/\/ifcfa.org\/?page_id=5390"},"modified":"2018-12-30T01:42:10","modified_gmt":"2018-12-30T01:42:10","slug":"finance","status":"publish","type":"page","link":"https:\/\/ifcfa.org\/de\/finance\/","title":{"rendered":"Finanzen"},"content":{"rendered":"<p><\/p>\n<h2>Funktion der Finanzabteilung:<\/h2>\n<ul>\n<li>Aufrechterhaltung des Finanzmanagements und der Buchhaltungsbilanz der Nationalverwaltung<\/li>\n<li>Halten Sie Mitgliedsbeitr\u00e4ge, Investitionen, Bestellungen<\/li>\n<\/ul>\n<p>&nbsp;<\/p>\n<ul>\n<li>Aufrechterhaltung der Finanz- und Buchhaltungsbilanz des Associaton<\/li>\n<li>Halten Sie Mitgliedsbeitr\u00e4ge, Investitionen, Bestellungen<\/li>\n<\/ul>\n<p>&nbsp;<\/p>\n<h2>Wenn Sie sich bei der Nationalen Finanzabteilung bewerben m\u00f6chten, f\u00fcllen Sie das folgende Formular aus:<\/h2>\n<p>&nbsp;<\/p>\n<p>[vfb id=12]<\/p>\n<p>&nbsp;<\/p>\n<p>Um die Bundesmitgliedschaft fortzusetzen, klicken Sie auf den Link \u201c<strong>Login<\/strong>\u201d (rechts im Men\u00fc), um ein Konto mit Ihren eigenen Daten zu registrieren. In Ihrem fertigen Konto k\u00f6nnen Sie auf den \u201c<strong>Shop<\/strong>\u201d -Button in der Kopfzeile (links oben) klicken, um die entsprechende Mitgliedschaft auszuw\u00e4hlen, und dann k\u00f6nnen Sie Ihre Bestellung t\u00e4tigen, indem Sie die folgenden Zahlungsoptionen ausw\u00e4hlen:<\/p>\n<ul>\n<li><strong>PayPal<\/strong>\u00a0&gt; (Schritte: Paket ausw\u00e4hlen)&gt;\u00a0<strong>Zahlung<\/strong>\u00a0(gr\u00fcner Knopf) &gt; (PayPal-Auswahl)\u00a0<strong>PayPal<\/strong>\u00a0&gt;\u00a0<strong>Bestellung<\/strong>\u00a0(Blauer Knopf) &gt;\u00a0<strong>Melden Sie sich bei Ihrem PayPal-Konto an<\/strong><\/li>\n<li><strong>Kreditkarte<\/strong>\u00a0&gt; (Schritte: Paket ausw\u00e4hlen) &gt;\u00a0<strong>Zahlung<\/strong>\u00a0(gr\u00fcner Knopf) &gt; (PayPal-Auswahl)\u00a0<strong>PayPal<\/strong>\u00a0&gt;\u00a0<strong>Bestellung<\/strong>\u00a0(blauer Knopf) &gt;\u00a0<strong>Zahlung mit Kreditkarte<\/strong><\/li>\n<li><strong>Per Bank\u00fcberweisung<\/strong>\u00a0&gt; (Schritte: Paket ausw\u00e4hlen) &gt;\u00a0<strong>Zahlung<\/strong>\u00a0(gr\u00fcner Knopf) &gt; (W\u00e4hlen Sie die Zahlungsmethode)\u00a0<strong>Mail in Zahlung<\/strong>\u00a0&gt;\u00a0<strong>Bestellung<\/strong>\u00a0(blaue Taste) Option.<br \/>\nMit den obigen Schritten k\u00f6nnen Sie Ihre Bestellung f\u00fcr IFCFA Alliance bestellen.<\/li>\n<\/ul>\n<p><strong>Sobald die Zahlung eintrifft, senden wir Ihnen eine Best\u00e4tigung, um das korrekte Ausf\u00fcllen des Formulars zu \u00fcberpr\u00fcfen. Sobald Sie die Best\u00e4tigung der Richtigkeit der Daten erhalten haben, starten wir den Login-Vorgang und senden Ihnen weitere Schritte.<\/strong><\/p>","protected":false},"excerpt":{"rendered":"<p><p>Funktion der Finanzabteilung: Aufrechterhaltung des Finanzmanagements und der Buchhaltungsbilanz der Nationalverwaltung Halten Sie Mitgliedsbeitr\u00e4ge, Investitionen, Bestellungen &nbsp; Aufrechterhaltung der Finanz- und Buchhaltungsbilanz des Associaton Halten Sie Mitgliedsbeitr\u00e4ge, Investitionen, Bestellungen &nbsp; Wenn Sie sich bei der Nationalen Finanzabteilung bewerben m\u00f6chten, f\u00fcllen Sie das folgende Formular aus: &nbsp; [vfb id=12] &nbsp; Um die Bundesmitgliedschaft fortzusetzen, klicken Sie<\/p>\n<\/p>","protected":false},"author":5,"featured_media":0,"parent":0,"menu_order":0,"comment_status":"closed","ping_status":"closed","template":"","meta":{"footnotes":""},"class_list":["post-5390","page","type-page","status-publish","hentry"],"_links":{"self":[{"href":"https:\/\/ifcfa.org\/de\/wp-json\/wp\/v2\/pages\/5390"}],"collection":[{"href":"https:\/\/ifcfa.org\/de\/wp-json\/wp\/v2\/pages"}],"about":[{"href":"https:\/\/ifcfa.org\/de\/wp-json\/wp\/v2\/types\/page"}],"author":[{"embeddable":true,"href":"https:\/\/ifcfa.org\/de\/wp-json\/wp\/v2\/users\/5"}],"replies":[{"embeddable":true,"href":"https:\/\/ifcfa.org\/de\/wp-json\/wp\/v2\/comments?post=5390"}],"version-history":[{"count":15,"href":"https:\/\/ifcfa.org\/de\/wp-json\/wp\/v2\/pages\/5390\/revisions"}],"predecessor-version":[{"id":6052,"href":"https:\/\/ifcfa.org\/de\/wp-json\/wp\/v2\/pages\/5390\/revisions\/6052"}],"wp:attachment":[{"href":"https:\/\/ifcfa.org\/de\/wp-json\/wp\/v2\/media?parent=5390"}],"curies":[{"name":"wp","href":"https:\/\/api.w.org\/{rel}","templated":true}]}}