{"id":5386,"date":"2018-07-26T13:29:43","date_gmt":"2018-07-26T13:29:43","guid":{"rendered":"https:\/\/ifcfa.org\/?page_id=5386"},"modified":"2018-12-30T01:33:25","modified_gmt":"2018-12-30T01:33:25","slug":"secretariat","status":"publish","type":"page","link":"https:\/\/ifcfa.org\/de\/secretariat\/","title":{"rendered":"Sekretariat"},"content":{"rendered":"<p><\/p>\n<h2>Arten von Sekret\u00e4ren:<\/h2>\n<ul>\n<li>Exekutivsekret\u00e4re<\/li>\n<li>Bundessekret\u00e4re<\/li>\n<\/ul>\n<p>&nbsp;<\/p>\n<h2>Sekret\u00e4re Funktion:<\/h2>\n<ul>\n<li>Zusammenstellung von Fachartikeln und Materialien f\u00fcr die Zeitung des Vereins<\/li>\n<li>Sendungsverfolgung<\/li>\n<li>Verfolgung der Dienstleistungen des Vereins<\/li>\n<li>Organisation, Durchf\u00fchrung von Gro\u00dfveranstaltungen,<\/li>\n<li>Verwalten von Mitgliedschaften (Mitgliedschaft, Exit usw.)<\/li>\n<li>Sekretariatsaufgaben ausf\u00fchren (Protokoll und Vertr\u00e4ge schreiben, Organisation, Ablage usw.)<\/li>\n<li>\u00dcberwachung der Fristen<\/li>\n<li>Bleiben Sie mit den Sekret\u00e4ren anderer Abteilungen in Verbindung<\/li>\n<li>Kontaktaufnahme mit den Sekret\u00e4ren des Verbandes, Vorbereitung der w\u00f6chentlichen und monatlichen Berichte an die Bundessekret\u00e4re<\/li>\n<li>Erleichterung der Aufgaben der Zulassungsstelle; Buchhaltung, Finanzen, Recht und Marketing<\/li>\n<li>Beaufsichtigen und unterst\u00fctzen Sie die Arbeitsgruppen<\/li>\n<li>Erleichterung der Arbeit von Aussch\u00fcssen<\/li>\n<li>Umsetzung der vom Vorsitz zugewiesenen Aufgaben<\/li>\n<\/ul>\n<h2>Wenn Sie sich f\u00fcr die Sektion &#8222;National Management Secretaries&#8220; bewerben m\u00f6chten, f\u00fcllen Sie das folgende Formular aus:<\/h2>\n<p>&nbsp;<\/p>\n<p>[vfb id=12]<\/p>\n<p>&nbsp;<\/p>\n<p>Um die Bundesmitgliedschaft fortzusetzen, klicken Sie auf den Link \u201c<strong>Login<\/strong>\u201d (rechts im Men\u00fc), um ein Konto mit Ihren eigenen Daten zu registrieren. In Ihrem fertigen Konto k\u00f6nnen Sie auf den \u201c<strong>Shop<\/strong>\u201d -Button in der Kopfzeile (links oben) klicken, um die entsprechende Mitgliedschaft auszuw\u00e4hlen, und dann k\u00f6nnen Sie Ihre Bestellung t\u00e4tigen, indem Sie die folgenden Zahlungsoptionen ausw\u00e4hlen:<\/p>\n<ul>\n<li><strong>PayPal<\/strong>\u00a0&gt; (Schritte: Paket ausw\u00e4hlen)&gt;\u00a0<strong>Zahlung<\/strong>\u00a0(gr\u00fcner Knopf) &gt; (PayPal-Auswahl)\u00a0<strong>PayPal<\/strong>\u00a0&gt;\u00a0<strong>Bestellung<\/strong>\u00a0(Blauer Knopf) &gt;\u00a0<strong>Melden Sie sich bei Ihrem PayPal-Konto an<\/strong><\/li>\n<li><strong>Kreditkarte<\/strong>\u00a0&gt; (Schritte: Paket ausw\u00e4hlen) &gt;\u00a0<strong>Zahlung<\/strong>\u00a0(gr\u00fcner Knopf) &gt; (PayPal-Auswahl)\u00a0<strong>PayPal<\/strong>\u00a0&gt;\u00a0<strong>Bestellung<\/strong>\u00a0(blauer Knopf) &gt;\u00a0<strong>Zahlung mit Kreditkarte<\/strong><\/li>\n<li><strong>Per Bank\u00fcberweisung<\/strong>\u00a0&gt; (Schritte: Paket ausw\u00e4hlen) &gt;\u00a0<strong>Zahlung<\/strong>\u00a0(gr\u00fcner Knopf) &gt; (W\u00e4hlen Sie die Zahlungsmethode)\u00a0<strong>Mail in Zahlung<\/strong>\u00a0&gt;\u00a0<strong>Bestellung<\/strong>\u00a0(blaue Taste) Option.<br \/>\nMit den obigen Schritten k\u00f6nnen Sie Ihre Bestellung f\u00fcr IFCFA Alliance bestellen.<\/li>\n<\/ul>\n<p><strong>Sobald die Zahlung eintrifft, senden wir Ihnen eine Best\u00e4tigung, um das korrekte Ausf\u00fcllen des Formulars zu \u00fcberpr\u00fcfen. Sobald Sie die Best\u00e4tigung der Richtigkeit der Daten erhalten haben, starten wir den Login-Vorgang und senden Ihnen weitere Schritte.<\/strong><\/p>","protected":false},"excerpt":{"rendered":"<p><p>Arten von Sekret\u00e4ren: Exekutivsekret\u00e4re Bundessekret\u00e4re &nbsp; Sekret\u00e4re Funktion: Zusammenstellung von Fachartikeln und Materialien f\u00fcr die Zeitung des Vereins Sendungsverfolgung Verfolgung der Dienstleistungen des Vereins Organisation, Durchf\u00fchrung von Gro\u00dfveranstaltungen, Verwalten von Mitgliedschaften (Mitgliedschaft, Exit usw.) Sekretariatsaufgaben ausf\u00fchren (Protokoll und Vertr\u00e4ge schreiben, Organisation, Ablage usw.) \u00dcberwachung der Fristen Bleiben Sie mit den Sekret\u00e4ren anderer Abteilungen in Verbindung<\/p>\n<\/p>","protected":false},"author":5,"featured_media":0,"parent":0,"menu_order":0,"comment_status":"closed","ping_status":"closed","template":"","meta":{"footnotes":""},"class_list":["post-5386","page","type-page","status-publish","hentry"],"_links":{"self":[{"href":"https:\/\/ifcfa.org\/de\/wp-json\/wp\/v2\/pages\/5386"}],"collection":[{"href":"https:\/\/ifcfa.org\/de\/wp-json\/wp\/v2\/pages"}],"about":[{"href":"https:\/\/ifcfa.org\/de\/wp-json\/wp\/v2\/types\/page"}],"author":[{"embeddable":true,"href":"https:\/\/ifcfa.org\/de\/wp-json\/wp\/v2\/users\/5"}],"replies":[{"embeddable":true,"href":"https:\/\/ifcfa.org\/de\/wp-json\/wp\/v2\/comments?post=5386"}],"version-history":[{"count":30,"href":"https:\/\/ifcfa.org\/de\/wp-json\/wp\/v2\/pages\/5386\/revisions"}],"predecessor-version":[{"id":6051,"href":"https:\/\/ifcfa.org\/de\/wp-json\/wp\/v2\/pages\/5386\/revisions\/6051"}],"wp:attachment":[{"href":"https:\/\/ifcfa.org\/de\/wp-json\/wp\/v2\/media?parent=5386"}],"curies":[{"name":"wp","href":"https:\/\/api.w.org\/{rel}","templated":true}]}}