{"id":5382,"date":"2018-07-26T13:27:12","date_gmt":"2018-07-26T13:27:12","guid":{"rendered":"https:\/\/ifcfa.org\/?page_id=5382"},"modified":"2018-12-30T00:43:59","modified_gmt":"2018-12-30T00:43:59","slug":"vice-presidents","status":"publish","type":"page","link":"https:\/\/ifcfa.org\/de\/vice-presidents\/","title":{"rendered":"Vizepr\u00e4sident"},"content":{"rendered":"<p><\/p>\n<h2>Aufgaben der Vizepr\u00e4sidenten<\/h2>\n<p>&#8211; Unterst\u00fctzung des Pr\u00e4sidenten bei seinen Aufgaben, Vorbereitung vertraglicher Vereinbarungen,<\/p>\n<p>&#8211; nimmt die Zusammenarbeit mit Berufsverb\u00e4nden, \u00f6ffentlichen Verwaltungen und \u00f6ffentlichen Einrichtungen auf und organisiert sie<\/p>\n<p>&#8211; Organisation von Veranstaltungen<\/p>\n<p>&nbsp;<\/p>\n<h2>Wenn Sie sich f\u00fcr das Amt des Vizepr\u00e4sidenten der National Leadership bewerben m\u00f6chten, f\u00fcllen Sie bitte das folgende Formular aus:<\/h2>\n<p>&nbsp;<\/p>\n<p>Um die Bundesmitgliedschaft fortzusetzen, klicken Sie auf den Link \u201c<strong>Login<\/strong>\u201d (rechts im Men\u00fc), um ein Konto mit Ihren eigenen Daten zu registrieren. In Ihrem fertigen Konto k\u00f6nnen Sie auf den \u201c<strong>Shop<\/strong>\u201d -Button in der Kopfzeile (links oben) klicken, um die entsprechende Mitgliedschaft auszuw\u00e4hlen, und dann k\u00f6nnen Sie Ihre Bestellung t\u00e4tigen, indem Sie die folgenden Zahlungsoptionen ausw\u00e4hlen:<\/p>\n<ul>\n<li><strong>PayPal<\/strong>\u00a0&gt; (Schritte: Paket ausw\u00e4hlen)&gt;\u00a0<strong>Zahlung<\/strong>\u00a0(gr\u00fcner Knopf) &gt; (PayPal-Auswahl)\u00a0<strong>PayPal<\/strong>\u00a0&gt;\u00a0<strong>Bestellung<\/strong>\u00a0(Blauer Knopf) &gt;\u00a0<strong>Melden Sie sich bei Ihrem PayPal-Konto an<\/strong><\/li>\n<li><strong>Kreditkarte<\/strong>\u00a0&gt; (Schritte: Paket ausw\u00e4hlen) &gt;\u00a0<strong>Zahlung<\/strong>\u00a0(gr\u00fcner Knopf) &gt; (PayPal-Auswahl)\u00a0<strong>PayPal<\/strong>\u00a0&gt;\u00a0<strong>Bestellung<\/strong>\u00a0(blauer Knopf) &gt;\u00a0<strong>Zahlung mit Kreditkarte<\/strong><\/li>\n<li><strong>Per Bank\u00fcberweisung<\/strong>\u00a0&gt; (Schritte: Paket ausw\u00e4hlen) &gt;\u00a0<strong>Zahlung<\/strong>\u00a0(gr\u00fcner Knopf) &gt; (W\u00e4hlen Sie die Zahlungsmethode)\u00a0<strong>Mail in Zahlung<\/strong>\u00a0&gt;\u00a0<strong>Bestellung<\/strong>\u00a0(blaue Taste) Option.<br \/>\nMit den obigen Schritten k\u00f6nnen Sie Ihre Bestellung f\u00fcr IFCFA Alliance bestellen.<\/li>\n<\/ul>\n<p><strong>Sobald die Zahlung eintrifft, senden wir Ihnen eine Best\u00e4tigung, um das korrekte Ausf\u00fcllen des Formulars zu \u00fcberpr\u00fcfen. Sobald Sie die Best\u00e4tigung der Richtigkeit der Daten erhalten haben, starten wir den Login-Vorgang und senden Ihnen weitere Schritte.<\/strong><\/p>","protected":false},"excerpt":{"rendered":"<p><p>Aufgaben der Vizepr\u00e4sidenten &#8211; Unterst\u00fctzung des Pr\u00e4sidenten bei seinen Aufgaben, Vorbereitung vertraglicher Vereinbarungen, &#8211; nimmt die Zusammenarbeit mit Berufsverb\u00e4nden, \u00f6ffentlichen Verwaltungen und \u00f6ffentlichen Einrichtungen auf und organisiert sie &#8211; Organisation von Veranstaltungen &nbsp; Wenn Sie sich f\u00fcr das Amt des Vizepr\u00e4sidenten der National Leadership bewerben m\u00f6chten, f\u00fcllen Sie bitte das folgende Formular aus: &nbsp; Um<\/p>\n<\/p>","protected":false},"author":5,"featured_media":0,"parent":0,"menu_order":0,"comment_status":"closed","ping_status":"closed","template":"","meta":{"footnotes":""},"class_list":["post-5382","page","type-page","status-publish","hentry"],"_links":{"self":[{"href":"https:\/\/ifcfa.org\/de\/wp-json\/wp\/v2\/pages\/5382"}],"collection":[{"href":"https:\/\/ifcfa.org\/de\/wp-json\/wp\/v2\/pages"}],"about":[{"href":"https:\/\/ifcfa.org\/de\/wp-json\/wp\/v2\/types\/page"}],"author":[{"embeddable":true,"href":"https:\/\/ifcfa.org\/de\/wp-json\/wp\/v2\/users\/5"}],"replies":[{"embeddable":true,"href":"https:\/\/ifcfa.org\/de\/wp-json\/wp\/v2\/comments?post=5382"}],"version-history":[{"count":12,"href":"https:\/\/ifcfa.org\/de\/wp-json\/wp\/v2\/pages\/5382\/revisions"}],"predecessor-version":[{"id":6039,"href":"https:\/\/ifcfa.org\/de\/wp-json\/wp\/v2\/pages\/5382\/revisions\/6039"}],"wp:attachment":[{"href":"https:\/\/ifcfa.org\/de\/wp-json\/wp\/v2\/media?parent=5382"}],"curies":[{"name":"wp","href":"https:\/\/api.w.org\/{rel}","templated":true}]}}