{"id":5380,"date":"2018-07-26T13:16:12","date_gmt":"2018-07-26T13:16:12","guid":{"rendered":"https:\/\/ifcfa.org\/?page_id=5380"},"modified":"2018-12-30T00:37:11","modified_gmt":"2018-12-30T00:37:11","slug":"chairman","status":"publish","type":"page","link":"https:\/\/ifcfa.org\/de\/chairman\/","title":{"rendered":"Vorsitzende"},"content":{"rendered":"<p><\/p>\n<h2>Bedeutung des Chief Executive Officer:<\/h2>\n<p>Pr\u00e4sident der F\u00fchrung, innerhalb der IFCFA-Allianz: Mitglied (Land \/ Staat).<\/p>\n<h2><\/h2>\n<h2>Pr\u00e4sident \/ Gesch\u00e4ftsf\u00fchrer<\/h2>\n<p>Der Pr\u00e4sident wird von der Mitgliederversammlung f\u00fcr 3 Jahre gew\u00e4hlt. Derselbe Posten kann durch Wiederwahl f\u00fcr unbegrenzte Zeit besetzt werden.<\/p>\n<p>Pr\u00e4sidentschaftsmitglieder werden vom Pr\u00e4sidenten und den Gr\u00fcndungsmitgliedern f\u00fcr ein Jahr gew\u00e4hlt. Derselbe Posten kann durch Wiederwahl f\u00fcr unbegrenzte Zeit besetzt werden.<\/p>\n<p>&nbsp;<\/p>\n<h2>Die Mitgliedschaft in der Pr\u00e4sidentschaft endet:<\/h2>\n<ul>\n<li>Mit R\u00fccktritt von der Position<\/li>\n<li>Erinnern,<\/li>\n<li>Nach Ablauf einer bestimmten Zeit<\/li>\n<li>Mit dem Tod des Pr\u00e4sidiumsmitglieds.<\/li>\n<\/ul>\n<p>Der R\u00fccktritt muss bei der Pr\u00e4sidentschaftssitzung bekannt gegeben und in dem Bericht festgehalten oder in nachweisbarer Form mit dem Pr\u00e4sidenten abgefasst werden.<\/p>\n<p>Wenn die Mitgliedschaft eines Mitglieds des Pr\u00e4sidiums vor Ablauf abl\u00e4uft, gilt das Mandat des neu gew\u00e4hlten Mitglieds f\u00fcr den Rest der Amtszeit des gew\u00e4hlten Mitglieds.<\/p>\n<p>&nbsp;<\/p>\n<h2>Der Vorsitz ist verantwortlich f\u00fcr die folgenden Entscheidungen:<\/h2>\n<ul>\n<li>Erstellung des Jahresbudgets des Vereins.<\/li>\n<li>Empfehlung zur strategischen Position hinsichtlich der Ziele und Aufgaben des Verbandes;<\/li>\n<li>Vorschl\u00e4ge f\u00fcr Tagesordnungspunkte;<\/li>\n<li>Einrichtung von Fallkomitees;<\/li>\n<li>Die Pr\u00e4sidentschaft kann vom Pr\u00e4sidenten jederzeit, mindestens jedoch einmal im Jahr, einberufen werden. Der Vorsitz beruft sich schriftlich schriftlich per E-Mail ein.<\/li>\n<li>Der Vorsitz ist beschlussf\u00e4hig, wenn mehr als die H\u00e4lfte seiner Mitglieder beteiligt sind. Beschl\u00fcsse des Vorsitzes werden in offener Abstimmung mit der Mehrheit der anwesenden Mitglieder gefasst. 1 Mitgliedschaft, eine Stimme.<\/li>\n<li>Der Vorsitz ist verpflichtet, den Bericht und die zwei Mitglieder, die den Bericht bescheinigen, zu w\u00e4hlen.<\/li>\n<\/ul>\n<p>&nbsp;<\/p>\n<h2>Die Aufgaben und Befugnisse des Pr\u00e4sidenten:<\/h2>\n<ul>\n<li>Rufen Sie die Versammlung zusammen,<\/li>\n<li>Die Pr\u00e4sidentschaftssitzung zusammenzurufen und zu beschlie\u00dfen,<\/li>\n<li>Es gew\u00e4hrleistet die ordnungsgem\u00e4\u00dfe Vorbereitung der Sitzungen und Beschl\u00fcsse des Vorsitzes und der Mitglieder<\/li>\n<li>Kontakte zu \u00e4hnlichen Berufsverb\u00e4nden, \u00f6ffentlichen Verwaltungen, \u00f6ffentlichen Einrichtungen,<\/li>\n<\/ul>\n<h2>Der Pr\u00e4sident der National Directors:<\/h2>\n<ul>\n<li>Es kontrolliert die Leitung des Nationalverbandes,<\/li>\n<li>Er schlie\u00dft die Vertr\u00e4ge ab, die f\u00fcr den Betrieb des Nationalverbandes notwendig sind.<\/li>\n<li>Sie legt dem Vorsitz die Vertr\u00e4ge, Vereinbarungen,<\/li>\n<li>Aus\u00fcbung der Rechte der Arbeitgeber gegen\u00fcber den Angestellten des Nationalverbandes,<\/li>\n<li>Es organisiert und leitet die Sekret\u00e4re.<\/li>\n<\/ul>\n<h2>Der Pr\u00e4sident unter Beteiligung der Sekret\u00e4re<\/h2>\n<ul>\n<li>Stellt ein Mitgliedsregister des Nationalverbandes vor (Mitglieder des Vereins, F\u00f6rdermitglieder, Ehrenmitglieder, Berufsangeh\u00f6rige)<\/li>\n<li>Registrierung von bezahlten Mitgliedsbeitr\u00e4gen, professionellen Mitgliedsbeitr\u00e4gen, Stipendien,<\/li>\n<li>Es verwaltet die Fonds der National Association, Aus\u00fcbung ihrer Befugnisse der R\u00fccknahme,<\/li>\n<li>Es verwaltet die Dokumente des Nationalverbandes, seine Einnahmen- und Ausgabenbescheinigungen,<\/li>\n<li>Es f\u00fchrt Buchhaltungsaufgaben aus,<\/li>\n<li>F\u00fchren Sie das Repository von Entscheidungen ein.<\/li>\n<li>Die Mitglieder der Versammlung und die Entscheidung des Vorsitzes m\u00fcssen in Ermangelung einer Entscheidung im Einklang mit den Interessen der National Management und der International Association (IFCFA) Ma\u00dfnahmen ergreifen.<\/li>\n<li>Wenn der Pr\u00e4sident verhindert wird, ersetzen die von ihm ernannten Vizepr\u00e4sidenten diese.<\/li>\n<li>Unter den Vizepr\u00e4sidenten ernennt der Pr\u00e4sident die f\u00fcr berufliche Aufgaben zust\u00e4ndigen Vizepr\u00e4sidenten und den f\u00fcr die elektronische Arbeitsweise zust\u00e4ndigen Vizepr\u00e4sidenten.<\/li>\n<\/ul>\n<h2>Vertretung des Vereins<\/h2>\n<ul>\n<li>Der Nationalverband wird unabh\u00e4ngig vom Pr\u00e4sidenten vertreten. Im Namen des Nationalverbandes ist der Pr\u00e4sident berechtigt, zur Unterschrift zu unterzeichnen. Wenn er oder sie nicht Unterzeichner ist und das Gesetz eine schriftliche Form zur Best\u00e4tigung der Erkl\u00e4rung erfordert, werden zwei Unterschriften vom Vizepr\u00e4sidenten mit dem Recht unterzeichnet, den Pr\u00e4sidenten zu vertreten. Der Pr\u00e4sident gew\u00e4hrt mindestens 4 Personen von Vizepr\u00e4sidenten und Pr\u00e4sidentschaftsmitgliedern den elektronischen Bankzugang, auf deren Grundlage nur eine gemeinsame Unterschriftenzahlung genehmigt werden kann.<\/li>\n<li>Im Rahmen der beruflichen T\u00e4tigkeit der National Association oder der International Association (IFCFA) sind der Pr\u00e4sident, die Vizepr\u00e4sidenten, die Kommissionspr\u00e4sidenten oder ihre ernannten Pr\u00e4sidiumsmitglieder berechtigt, die offizielle Position im Namen der National Association zu vertreten. In Ermangelung einer Benennung darf der Anmelder nicht als Person betrachtet werden, die sich im Namen der National Association meldet.<\/li>\n<\/ul>\n<h2>Wenn Sie sich f\u00fcr die nationale Pr\u00e4sidentschaft bewerben m\u00f6chten, f\u00fcllen Sie bitte das folgende Formular aus:<\/h2>\n<p>&nbsp;<\/p>\n<p>[vfb id=3]<\/p>\n<p>&nbsp;<\/p>\n<p>Um die Bundesmitgliedschaft fortzusetzen, klicken Sie auf den Link \u201c<strong>Login<\/strong>\u201d (rechts im Men\u00fc), um ein Konto mit Ihren eigenen Daten zu registrieren. In Ihrem fertigen Konto k\u00f6nnen Sie auf den \u201c<strong>Shop<\/strong>\u201d -Button in der Kopfzeile (links oben) klicken, um die entsprechende Mitgliedschaft auszuw\u00e4hlen, und dann k\u00f6nnen Sie Ihre Bestellung t\u00e4tigen, indem Sie die folgenden Zahlungsoptionen ausw\u00e4hlen:<\/p>\n<ul>\n<li><strong>PayPal<\/strong>\u00a0&gt; (Schritte: Paket ausw\u00e4hlen)&gt; <strong>Zahlung<\/strong> (gr\u00fcner Knopf) &gt; (PayPal-Auswahl) <strong>PayPal<\/strong> &gt; <strong>Bestellung<\/strong> (Blauer Knopf) &gt; <strong>Melden Sie sich bei Ihrem PayPal-Konto an<\/strong><\/li>\n<li><strong>Kreditkarte<\/strong>\u00a0&gt; (Schritte: Paket ausw\u00e4hlen) &gt; <strong>Zahlung<\/strong> (gr\u00fcner Knopf) &gt; (PayPal-Auswahl) <strong>PayPal<\/strong> &gt; <strong>Bestellung<\/strong> (blauer Knopf) &gt; <strong>Zahlung mit Kreditkarte<\/strong><\/li>\n<li><strong>Per Bank\u00fcberweisung<\/strong>\u00a0&gt; (Schritte: Paket ausw\u00e4hlen) &gt; <strong>Zahlung<\/strong> (gr\u00fcner Knopf) &gt; (W\u00e4hlen Sie die Zahlungsmethode) <strong>Mail in Zahlung<\/strong> &gt; <strong>Bestellung<\/strong> (blaue Taste) Option.<br \/>\nMit den obigen Schritten k\u00f6nnen Sie Ihre Bestellung f\u00fcr IFCFA Alliance bestellen.<\/li>\n<\/ul>\n<p><strong>Sobald die Zahlung eintrifft, senden wir Ihnen eine Best\u00e4tigung, um das korrekte Ausf\u00fcllen des Formulars zu \u00fcberpr\u00fcfen. Sobald Sie die Best\u00e4tigung der Richtigkeit der Daten erhalten haben, starten wir den Login-Vorgang und senden Ihnen weitere Schritte.<\/strong><\/p>","protected":false},"excerpt":{"rendered":"<p><p>Bedeutung des Chief Executive Officer: Pr\u00e4sident der F\u00fchrung, innerhalb der IFCFA-Allianz: Mitglied (Land \/ Staat). Pr\u00e4sident \/ Gesch\u00e4ftsf\u00fchrer Der Pr\u00e4sident wird von der Mitgliederversammlung f\u00fcr 3 Jahre gew\u00e4hlt. Derselbe Posten kann durch Wiederwahl f\u00fcr unbegrenzte Zeit besetzt werden. Pr\u00e4sidentschaftsmitglieder werden vom Pr\u00e4sidenten und den Gr\u00fcndungsmitgliedern f\u00fcr ein Jahr gew\u00e4hlt. Derselbe Posten kann durch Wiederwahl f\u00fcr<\/p>\n<\/p>","protected":false},"author":5,"featured_media":0,"parent":0,"menu_order":0,"comment_status":"closed","ping_status":"closed","template":"","meta":{"footnotes":""},"class_list":["post-5380","page","type-page","status-publish","hentry"],"_links":{"self":[{"href":"https:\/\/ifcfa.org\/de\/wp-json\/wp\/v2\/pages\/5380"}],"collection":[{"href":"https:\/\/ifcfa.org\/de\/wp-json\/wp\/v2\/pages"}],"about":[{"href":"https:\/\/ifcfa.org\/de\/wp-json\/wp\/v2\/types\/page"}],"author":[{"embeddable":true,"href":"https:\/\/ifcfa.org\/de\/wp-json\/wp\/v2\/users\/5"}],"replies":[{"embeddable":true,"href":"https:\/\/ifcfa.org\/de\/wp-json\/wp\/v2\/comments?post=5380"}],"version-history":[{"count":30,"href":"https:\/\/ifcfa.org\/de\/wp-json\/wp\/v2\/pages\/5380\/revisions"}],"predecessor-version":[{"id":6036,"href":"https:\/\/ifcfa.org\/de\/wp-json\/wp\/v2\/pages\/5380\/revisions\/6036"}],"wp:attachment":[{"href":"https:\/\/ifcfa.org\/de\/wp-json\/wp\/v2\/media?parent=5380"}],"curies":[{"name":"wp","href":"https:\/\/api.w.org\/{rel}","templated":true}]}}