{"id":5357,"date":"2018-06-20T10:31:03","date_gmt":"2018-06-20T10:31:03","guid":{"rendered":"https:\/\/ifcfa.org\/?page_id=5357"},"modified":"2018-12-30T10:41:49","modified_gmt":"2018-12-30T10:41:49","slug":"honorary-members","status":"publish","type":"page","link":"https:\/\/ifcfa.org\/de\/honorary-members\/","title":{"rendered":"Ehrenmitglieder"},"content":{"rendered":"<p>Das Ehrenmitglied des Vereins kann eine nat\u00fcrliche oder juristische Person jeder Nationalit\u00e4t werden (nat\u00fcrliche Person, juristische Person, nicht-legales Gesch\u00e4ft), die auf der Grundlage des Vereinszwecks oder der Fortf\u00fchrung von Aktivit\u00e4ten in Verbindung mit dem Verbandsbereich und der F\u00f6rderung des Bundes engagiert ist Vereinsziele, die Mitgliederversammlung beschlie\u00dft als Ehrenmitglieder. Dar\u00fcber hinaus der Kandidat:<\/p>\n<ul>\n<li>Erkl\u00e4ren Sie Ihre Absicht zu betreten, und<\/li>\n<li>Akzeptiert die Ziele des B\u00fcndnisses,<\/li>\n<li>Nach den Statuten verpflichtet er sich, die Verpflichtungen der Mitglieder des Verbandes zu erf\u00fcllen.<\/li>\n<\/ul>\n<h2>Das Ehrenmitglied<\/h2>\n<ul>\n<li>Es kann nicht in den Organen des Vereins gew\u00e4hlt werden;<\/li>\n<li>Sie d\u00fcrfen nur an der Beschlussfassung der Vereinsversammlung teilnehmen;<\/li>\n<li>Sie m\u00fcssen die Verfassung der Vereinigung einhalten, die Beschl\u00fcsse der Versammlung, der Kommissionen und der Pr\u00e4sidentschaft umsetzen.<\/li>\n<\/ul>\n<p>Das Ehrenmitglied wird vom Sekretariat aufgrund des Beschlusses der Mitgliederversammlung registriert und sendet eine elektronische Nachricht \u00fcber die Registrierung. Der Beginn der Mitgliedschaft erfolgt zum Zeitpunkt der Entscheidung \u00fcber die Wahl des Ehrenmitglieds.<\/p>","protected":false},"excerpt":{"rendered":"<p><p>Das Ehrenmitglied des Vereins kann eine nat\u00fcrliche oder juristische Person jeder Nationalit\u00e4t werden (nat\u00fcrliche Person, juristische Person, nicht-legales Gesch\u00e4ft), die auf der Grundlage des Vereinszwecks oder der Fortf\u00fchrung von Aktivit\u00e4ten in Verbindung mit dem Verbandsbereich und der F\u00f6rderung des Bundes engagiert ist Vereinsziele, die Mitgliederversammlung beschlie\u00dft als Ehrenmitglieder. Dar\u00fcber hinaus der Kandidat: Erkl\u00e4ren Sie Ihre<\/p>\n<\/p>","protected":false},"author":5,"featured_media":0,"parent":0,"menu_order":0,"comment_status":"closed","ping_status":"closed","template":"","meta":{"footnotes":""},"class_list":["post-5357","page","type-page","status-publish","hentry"],"_links":{"self":[{"href":"https:\/\/ifcfa.org\/de\/wp-json\/wp\/v2\/pages\/5357"}],"collection":[{"href":"https:\/\/ifcfa.org\/de\/wp-json\/wp\/v2\/pages"}],"about":[{"href":"https:\/\/ifcfa.org\/de\/wp-json\/wp\/v2\/types\/page"}],"author":[{"embeddable":true,"href":"https:\/\/ifcfa.org\/de\/wp-json\/wp\/v2\/users\/5"}],"replies":[{"embeddable":true,"href":"https:\/\/ifcfa.org\/de\/wp-json\/wp\/v2\/comments?post=5357"}],"version-history":[{"count":13,"href":"https:\/\/ifcfa.org\/de\/wp-json\/wp\/v2\/pages\/5357\/revisions"}],"predecessor-version":[{"id":5965,"href":"https:\/\/ifcfa.org\/de\/wp-json\/wp\/v2\/pages\/5357\/revisions\/5965"}],"wp:attachment":[{"href":"https:\/\/ifcfa.org\/de\/wp-json\/wp\/v2\/media?parent=5357"}],"curies":[{"name":"wp","href":"https:\/\/api.w.org\/{rel}","templated":true}]}}