{"id":5355,"date":"2018-06-20T10:29:23","date_gmt":"2018-06-20T10:29:23","guid":{"rendered":"https:\/\/ifcfa.org\/?page_id=5355"},"modified":"2018-06-20T14:15:01","modified_gmt":"2018-06-20T14:15:01","slug":"supporting-members","status":"publish","type":"page","link":"https:\/\/ifcfa.org\/de\/supporting-members\/","title":{"rendered":"Unterst\u00fctzende Mitglieder"},"content":{"rendered":"<p><\/p>\n<h2>Unterst\u00fctzende Mitglieder<\/h2>\n<p>Das tragende Mitglied<br \/>\n&#8211; Es kann nicht in den Organen des B\u00fcndnisses gew\u00e4hlt oder gew\u00e4hlt werden;<br \/>\n&#8211; Sie d\u00fcrfen nur an der Beschlussfassung der Versammlung des B\u00fcndnisses teilnehmen;<br \/>\n&#8211; muss die Satzung der Vereinigung beachten, die Beschl\u00fcsse der Versammlung, der Kommissionen und der Pr\u00e4sidentschaft umsetzen.<\/p>\n<p>Das f\u00f6rdernde Mitglied des Verbandes zahlt j\u00e4hrlich bis zu dem vom Sekretariat festgesetzten Termin die \u00dcberweisung auf das Konto des B\u00fcndnisses durch Unterzeichnung des B\u00fcndnisses.<\/p>\n<p>Das pr\u00e4sidierende Mitglied des Verbandes kann eine Person w\u00e4hlen, die dem Verband einen j\u00e4hrlichen Zuschuss in H\u00f6he einer bestimmten H\u00f6he der Beihilfe gezahlt und seinen ersten Zuschuss durch \u00dcberweisung auf das Konto des Verbandes gezahlt hat. Haushaltsorgane des Bundes k\u00f6nnen kein unterst\u00fctzendes Mitglied sein. Das unterst\u00fctzende Mitglied wird vom Sekretariat registriert und sendet eine elektronische Nachricht an das unterst\u00fctzende Mitglied der Registrierung.<\/p>\n<p>Der Beginn der Mitgliedschaft ist f\u00fcr Bundesmitglieder der Tag, an dem das Pr\u00e4sidium eine Entscheidung getroffen hat, eine Mitgliedschaft zu w\u00e4hlen.<\/p>\n<h2>F\u00fcllen Sie zum Ausf\u00fcllen Ihrer Bewerbung das folgende Formular aus:<\/h2>\n<p><\/p>","protected":false},"excerpt":{"rendered":"<p><p>Unterst\u00fctzende Mitglieder Das tragende Mitglied &#8211; Es kann nicht in den Organen des B\u00fcndnisses gew\u00e4hlt oder gew\u00e4hlt werden; &#8211; Sie d\u00fcrfen nur an der Beschlussfassung der Versammlung des B\u00fcndnisses teilnehmen; &#8211; muss die Satzung der Vereinigung beachten, die Beschl\u00fcsse der Versammlung, der Kommissionen und der Pr\u00e4sidentschaft umsetzen. Das f\u00f6rdernde Mitglied des Verbandes zahlt j\u00e4hrlich bis<\/p>\n<\/p>","protected":false},"author":5,"featured_media":0,"parent":0,"menu_order":0,"comment_status":"closed","ping_status":"closed","template":"","meta":{"footnotes":""},"class_list":["post-5355","page","type-page","status-publish","hentry"],"_links":{"self":[{"href":"https:\/\/ifcfa.org\/de\/wp-json\/wp\/v2\/pages\/5355"}],"collection":[{"href":"https:\/\/ifcfa.org\/de\/wp-json\/wp\/v2\/pages"}],"about":[{"href":"https:\/\/ifcfa.org\/de\/wp-json\/wp\/v2\/types\/page"}],"author":[{"embeddable":true,"href":"https:\/\/ifcfa.org\/de\/wp-json\/wp\/v2\/users\/5"}],"replies":[{"embeddable":true,"href":"https:\/\/ifcfa.org\/de\/wp-json\/wp\/v2\/comments?post=5355"}],"version-history":[{"count":3,"href":"https:\/\/ifcfa.org\/de\/wp-json\/wp\/v2\/pages\/5355\/revisions"}],"predecessor-version":[{"id":5373,"href":"https:\/\/ifcfa.org\/de\/wp-json\/wp\/v2\/pages\/5355\/revisions\/5373"}],"wp:attachment":[{"href":"https:\/\/ifcfa.org\/de\/wp-json\/wp\/v2\/media?parent=5355"}],"curies":[{"name":"wp","href":"https:\/\/api.w.org\/{rel}","templated":true}]}}