{"id":3102,"date":"2018-04-30T14:04:57","date_gmt":"2018-04-30T14:04:57","guid":{"rendered":"https:\/\/ifcfa.org\/?page_id=3102"},"modified":"2023-05-04T17:18:06","modified_gmt":"2023-05-04T17:18:06","slug":"articles-of-association","status":"publish","type":"page","link":"https:\/\/ifcfa.org\/de\/articles-of-association\/","title":{"rendered":"Satzung"},"content":{"rendered":"<p><\/p>\n<h2 style=\"text-align: center;\">Allgemeine Informationen<\/h2>\n<p>&nbsp;<\/p>\n<ol>\n<li><strong>Der Vereinname:\u00a0<\/strong>International Federation of Company Founders &amp; Accountants\u00a0 (<strong>Internationaler Verband der Gr\u00fcnder und Wirtschaftspr\u00fcfer<\/strong>)<\/li>\n<li><strong>Abk\u00fcrzung des Vereins:<\/strong> IFCFA Association<\/li>\n<li><strong>Adresse des Vereins Hauptsitz:<\/strong> 293 Sugar Mill Business Park, Oakhurst Avenue, Leeds, South Yorkshire, LS117HL, United Kingdom<\/li>\n<li><strong>Betriebsnummer:<\/strong> 11335775<\/li>\n<li><strong>Bankdaten:<\/strong> Santander Bank, <strong>Bankleitzahl:<\/strong> 09-01-29; <strong>Kontonummer:<\/strong> 26808206; <strong>IBAN:<\/strong> GB35ABBY09012926808206; <strong>BIC \/ Swift-Code:<\/strong> ABBYGB2L<\/li>\n<\/ol>\n<blockquote><p><strong>\u20acuro bank account (\u20ac)\u00a0 Swift\/BIC code: <\/strong><span>TRWIBEB1XXX;\u00a0 <strong>IBAN<\/strong>: BE07 9676 2842 4566<\/span><br \/>\n<strong>British pounds account (\u00a3)\u00a0 Sort code: <\/strong>23-14-70;<strong>\u00a0 \u00a0Account number: <\/strong>46617012;<strong><span>\u00a0 \u00a0IBAN: <\/span><\/strong>GB61 TRWI 2314 7046 6170 12<br \/>\n<strong>American USD account ($) dollar account details: ACH: <\/strong>084009519;\u00a0 <strong>Bank account number:<\/strong> <span>9600013415668150<\/span><\/p><\/blockquote>\n<ol>\n<li><strong>PayPal-Konto:<\/strong> info@ifcfa.org<\/li>\n<li><strong>Webseite:<\/strong> https:\/\/ifcfa.org<\/li>\n<li><strong>E-Mail-Adresse:<\/strong> <a href=\"mailto:info@ifcfa.org\">info@ifcfa.org<\/a><\/li>\n<li><strong>Client Gate:<\/strong> <a href=\"https:\/\/ifcfa.org\/login\/clientarea.php?language=german\">https:\/\/ifcfa.org\/login\/<\/a><\/li>\n<li><strong>Telefon: UK-Festnetz:<\/strong> +44 (0) 1357-340-000; <strong>UK-Mobil:<\/strong> +44 (0) 757-29-410-40; <strong>HU-Mobil:<\/strong> + 3670 \/ 550-2804<\/li>\n<li><strong>Die International Federation of Company Founders &amp; Accountants<\/strong>\u00a0(nachfolgend: IFCFA) ist ein in allen L\u00e4ndern der Erde (in denen Firmengr\u00fcndung und\/oder Buchhaltung stattfinden) als Organisation f\u00fcr Berufs- und Interessensschutz, sowie Interessensvertretung funktionierender ziviler Verband, der seine T\u00e4tigkeit anhand von Verbandsregeln aus\u00fcbt.<\/li>\n<li><strong>Der IFCFA\u00a0<\/strong>als Verband ist eine juristische Person.<\/li>\n<li><strong>Amtliche Sprache des Verbands: <\/strong>Englisch und Ungarisch.<\/li>\n<\/ol>\n<p>&nbsp;<\/p>\n<p>&nbsp;<\/p>\n<h2 style=\"text-align: center;\">Grundlegendes Ziel des Verbands:<\/h2>\n<p>&nbsp;<\/p>\n<p>&nbsp;<\/p>\n<ol start=\"14\">\n<li><strong>Fachliche Interessenvertretung<\/strong> und F\u00f6rderung dieser, fachliche Auskunft, Schulung und Beratung f\u00fcr die Mitglieder, au\u00dferdem Organisation von Schulungen und Vortr\u00e4gen zu Firmengr\u00fcnder- und Buchhalteraufgaben, Herausgabe und Verbreitung von Ver\u00f6ffentlichungen.<\/li>\n<li><strong>Optimierung der<\/strong> Webseite des Verbands bez\u00fcglich der &#8211; bei der Registration der Mitglieder erhaltenen &#8211; Schl\u00fcsselw\u00f6rter (Google, Yahoo, Bing, Search, Yandex), au\u00dferdem Weiterleitung der auf der Seite ifcfa.org eintreffenden Anfragen an die Mitglieder.<\/li>\n<li><strong>Jeder Webseitenbesucher<\/strong> findet in seiner eigenen Sprache das Firmengr\u00fcndungsunternehmen und\/oder das Buchhaltungsb\u00fcro, das in dem Land aktiv ist, in dem der Besucher ein Unternehmen gr\u00fcnden oder Buchhaltungsdienste in Anspruch nehmen m\u00f6chte.<\/li>\n<li><strong>Jeder Webseitenbesucher<\/strong> findet in seiner eigenen Sprache das Firmengr\u00fcndungsunternehmen und\/oder das Buchhaltungsb\u00fcro, das in dem Land aktiv ist, in welchem dem Kunden Qualit\u00e4t anhand der vom Verband gest\u00fctzten Anforderungen (Punkt &#8230;) garantiert werden kann.<\/li>\n<li><strong>Weiterleiten von<\/strong> hochwertige Dienstleistungen bietenden Firmen an die Auftraggeber (Logoverwendung)<\/li>\n<li><strong>F\u00f6rderung der<\/strong> Kundenverteilung unter den Mitgliedern (zum Beispiel kann ein sich nur mit t\u00fcrkischer Firmengr\u00fcndung besch\u00e4ftigendes Verbandsmitglied seinem eigenen Kunden Hilfe von einem sich mit deutscher Firmengr\u00fcndung besch\u00e4ftigenden Verbandsmitglied erbitten, wenn dieser eine deutsche Firma gr\u00fcnden will)<\/li>\n<li><strong>Die Bereitstellung<\/strong> von Investitionsm\u00f6glichkeiten, Zusch\u00fcssen und Mentoring-Programmen f\u00fcr Mitglieder<\/li>\n<li><strong>Die Unterst\u00fctzung<\/strong> der Mitglieder bei den Investitions-, Bewerbungs- und Betreuungsaktivit\u00e4ten ihrer Kunden<\/li>\n<li><strong>Werben f\u00fcr die<\/strong> Berufsfelder Firmengr\u00fcndung und Buchhaltung<\/li>\n<li><strong>Vertretung der<\/strong> Interessen in den Berufsfeldern Firmengr\u00fcndung und Buchhaltung in Bezug auf die die Berufe betreffenden Gesetzesentw\u00fcrfe, sowie durch fachliche Stellungnahmen vor verschiedenen Beh\u00f6rden<\/li>\n<li><strong>Vertretung in<\/strong> L\u00e4ndern und in internationalen Fachorganisationen<\/li>\n<li><strong>Schaffung von<\/strong> eigenen Abteilungen in jedem Land f\u00fcr eine selbstst\u00e4ndige Funktionsweise<\/li>\n<li><strong>Stellungnahmen zu<\/strong> den die T\u00e4tigkeiten in den Bereichen Firmengr\u00fcndung und Buchhaltung betreffenden Rechtsvorschriften,<\/li>\n<li><strong>Ausarbeitung von<\/strong> Empfehlungen zur \u00c4nderung von sich auf Firmengr\u00fcndung und Buchhaltung beziehenden Gesetzen, Ausarbeitung von internationalen Standards, sowie zur Vereinfachung der Firmengr\u00fcndungs- und Buchhaltungsarbeit und zur Modernisierung von Schulung und Bildung,<\/li>\n<li><strong>Theoretische Weiterentwicklung<\/strong> und praktische Realisierung von Firmengr\u00fcndung und Buchhaltung betreffenden Fragen,<\/li>\n<li><strong>Ausarbeitung der<\/strong> sich auf die Firmengr\u00fcndung und Buchhaltung als Ganzes beziehenden fachspezifischen ethischen Normen und Fortbildungskonzeptionen,<\/li>\n<li><strong>Realisierung von<\/strong> Ma\u00dfnahmen in Bezug auf die kontinuierliche fachliche Weiterbildung der Mitglieder, Teilnahme an der fachlichen Schulung der Mitglieder,<\/li>\n<li><strong>Fachliche Informationsauskunft<\/strong>, Sammeln von unbeantworteten Fragen und den diesbez\u00fcglichen Stellungnahmen,<\/li>\n<li><strong>Zusammentragen und<\/strong> Herausgeben der von der Branche vereinbarten und akzeptierten Stellungnahmen<\/li>\n<li><strong>Organisation von<\/strong> Vortr\u00e4gen, Konsultationen, Diskussionsforen zu zeitgem\u00e4\u00dfen Aufgaben, aufgetretenen Problemen, gelegentlich mit Anw\u00e4lten, Steuerberatern und Abschlusspr\u00fcfern gemeinsam mit freier Meinungs\u00e4u\u00dferung<\/li>\n<li><strong>Fachliche Beratung<\/strong> der Mitglieder, damit sie zu in der Branche anerkannten Experten in den Fachbereichen Firmengr\u00fcndung, Steuern und Buchhaltung werden<\/li>\n<li><strong>Schulung der<\/strong> Firmengr\u00fcnder und Buchhalter bei Teilnahme an akkreditierten Schulungen<\/li>\n<li><strong>Kooperation mit<\/strong> anderen Organisationen und Verb\u00e4nden zwecks Realisierung der fachlichen Ziele<\/li>\n<li><strong>Je nach M\u00f6glichkeit<\/strong> Unterst\u00fctzung der Verbandsmitglieder in Bezug auf ihre Erholungs- und Sportbed\u00fcrfnisse<\/li>\n<li><strong> Geltungsbereich des Verbands:<\/strong>Alle L\u00e4nder der Erde, in denen Firmengr\u00fcndung und\/oder Buchhaltung stattfinden.<\/li>\n<\/ol>\n<p>&nbsp;<\/p>\n<p>&nbsp;<\/p>\n<h2 style=\"text-align: center;\">Die Organisationsstruktur des Vereins<\/h2>\n<p style=\"text-align: center;\">In jedem Land:\u00a0\u00a0<a href=\"https:\/\/ifcfa.org\/de\/registration\/\">https:\/\/ifcfa.org\/de\/registration\/<\/a><\/p>\n<p>&nbsp;<\/p>\n<p>&nbsp;<\/p>\n<h2>Bist du in Frage? Hier schreiben:<\/h2>\n<p>[vfb id=1]<\/p>","protected":false},"excerpt":{"rendered":"<p><p>Allgemeine Informationen &nbsp; Der Vereinname:\u00a0International Federation of Company Founders &amp; Accountants\u00a0 (Internationaler Verband der Gr\u00fcnder und Wirtschaftspr\u00fcfer) Abk\u00fcrzung des Vereins: IFCFA Association Adresse des Vereins Hauptsitz: 293 Sugar Mill Business Park, Oakhurst Avenue, Leeds, South Yorkshire, LS117HL, United Kingdom Betriebsnummer: 11335775 Bankdaten: Santander Bank, Bankleitzahl: 09-01-29; Kontonummer: 26808206; IBAN: GB35ABBY09012926808206; BIC \/ Swift-Code: ABBYGB2L \u20acuro<\/p>\n<\/p>","protected":false},"author":5,"featured_media":0,"parent":0,"menu_order":0,"comment_status":"closed","ping_status":"closed","template":"","meta":{"footnotes":""},"class_list":["post-3102","page","type-page","status-publish","hentry"],"_links":{"self":[{"href":"https:\/\/ifcfa.org\/de\/wp-json\/wp\/v2\/pages\/3102"}],"collection":[{"href":"https:\/\/ifcfa.org\/de\/wp-json\/wp\/v2\/pages"}],"about":[{"href":"https:\/\/ifcfa.org\/de\/wp-json\/wp\/v2\/types\/page"}],"author":[{"embeddable":true,"href":"https:\/\/ifcfa.org\/de\/wp-json\/wp\/v2\/users\/5"}],"replies":[{"embeddable":true,"href":"https:\/\/ifcfa.org\/de\/wp-json\/wp\/v2\/comments?post=3102"}],"version-history":[{"count":207,"href":"https:\/\/ifcfa.org\/de\/wp-json\/wp\/v2\/pages\/3102\/revisions"}],"predecessor-version":[{"id":6444,"href":"https:\/\/ifcfa.org\/de\/wp-json\/wp\/v2\/pages\/3102\/revisions\/6444"}],"wp:attachment":[{"href":"https:\/\/ifcfa.org\/de\/wp-json\/wp\/v2\/media?parent=3102"}],"curies":[{"name":"wp","href":"https:\/\/api.w.org\/{rel}","templated":true}]}}