{"id":1339,"date":"2018-04-15T13:07:39","date_gmt":"2018-04-15T13:07:39","guid":{"rendered":"https:\/\/ifcfa.org\/?page_id=1339"},"modified":"2023-05-19T20:19:39","modified_gmt":"2023-05-19T20:19:39","slug":"contact","status":"publish","type":"page","link":"https:\/\/ifcfa.org\/de\/contact\/","title":{"rendered":"Kontakt"},"content":{"rendered":"<p><\/p>\n<ol>\n<li><strong>Der Vereinname:\u00a0<\/strong>International Federation of Company Founders &amp; Accountants\u00a0 (<strong>Internationaler Verband der Gr\u00fcnder und Wirtschaftspr\u00fcfer<\/strong>)<\/li>\n<li><strong>Abk\u00fcrzung des Vereins:<\/strong><span>\u00a0<\/span>IFCFA Association<\/li>\n<li><strong>Adresse des Vereins Hauptsitz:<\/strong><span>\u00a0<\/span>293 Sugar Mill Business Park, Oakhurst Avenue, Leeds, South Yorkshire, LS117HL, United Kingdom<\/li>\n<li><strong>Betriebsnummer:<\/strong><span>\u00a0<\/span>11335775<\/li>\n<li><strong>Bankdaten:<\/strong><span>\u00a0<\/span>Santander Bank,<span>\u00a0<\/span><strong>Bankleitzahl:<\/strong><span>\u00a0<\/span>09-01-29;<span>\u00a0<\/span><strong>Kontonummer:<\/strong><span>\u00a0<\/span>26808206;<span>\u00a0<\/span><strong>IBAN:<\/strong><span>\u00a0<\/span>GB35ABBY09012926808206;<span>\u00a0<\/span><strong>BIC \/ Swift-Code:<\/strong><span>\u00a0<\/span>ABBYGB2L<\/li>\n<\/ol>\n<blockquote><p><strong>\u20acuro bank account (\u20ac)\u00a0 Swift\/BIC code:<span>\u00a0<\/span><\/strong><span>TRWIBEB1XXX;\u00a0\u00a0<strong>IBAN<\/strong>: BE07 9676 2842 4566<\/span><br \/>\n<strong>British pounds account (\u00a3)\u00a0 Sort code:<span>\u00a0<\/span><\/strong>23-14-70;<strong>\u00a0 \u00a0Account number:<span>\u00a0<\/span><\/strong>46617012;<strong><span>\u00a0 \u00a0IBAN:\u00a0<\/span><\/strong>GB61 TRWI 2314 7046 6170 12<br \/>\n<strong>American USD account ($) dollar account details: ACH:<span>\u00a0<\/span><\/strong>084009519;\u00a0<span>\u00a0<\/span><strong>Bank account number:<\/strong><span>\u00a0<\/span><span>9600013415668150<\/span><\/p><\/blockquote>\n<ol>\n<li><strong>PayPal-Konto:<\/strong><span>\u00a0<\/span>info@ifcfa.org<\/li>\n<li><strong>Webseite:<\/strong><span>\u00a0<\/span>https:\/\/ifcfa.org<\/li>\n<li><strong>E-Mail-Adresse:<\/strong><span>\u00a0<\/span><a href=\"mailto:info@ifcfa.org\">info@ifcfa.org<\/a><\/li>\n<li><strong>Client Gate:<\/strong><span>\u00a0<\/span><a href=\"https:\/\/ifcfa.org\/login\/clientarea.php?language=german\">https:\/\/ifcfa.org\/login\/<\/a><\/li>\n<li><strong>Telefon: UK-Festnetz:<\/strong><span>\u00a0<\/span>+44 (0) 1357-340-000;<span>\u00a0<\/span><strong>UK-Mobil:<\/strong><span>\u00a0<\/span>+44 (0) 757-29-410-40;<span>\u00a0<\/span><strong>HU-Mobil:<\/strong><span>\u00a0<\/span>+ 3670 \/ 550-2804<\/li>\n<li><strong>Die International Federation of Company Founders &amp; Accountants<\/strong>\u00a0(nachfolgend: IFCFA) ist ein in allen L\u00e4ndern der Erde (in denen Firmengr\u00fcndung und\/oder Buchhaltung stattfinden) als Organisation f\u00fcr Berufs- und Interessensschutz, sowie Interessensvertretung funktionierender ziviler Verband, der seine T\u00e4tigkeit anhand von Verbandsregeln aus\u00fcbt.<\/li>\n<li><strong>Der IFCFA\u00a0<\/strong>als Verband ist eine juristische Person.<\/li>\n<li><strong>Amtliche Sprache des Verbands:<span>\u00a0<\/span><\/strong>Englisch und Ungarisch.<\/li>\n<\/ol>\n<blockquote>\n<h2 style=\"text-align: right;\"><span style=\"color: #0000ff;\"><a style=\"color: #0000ff;\" href=\"https:\/\/ifcfa.org\/de\/newsletter\/\" target=\"_blank\" rel=\"noopener\">Anmeldung f\u00fcr Newsletter!<\/a><\/span><\/h2>\n<\/blockquote>\n<p>[vfb id=1]<\/p>\n<div id=\"simple-translate\">\n<div>\n<div class=\"simple-translate-button isShow\" style=\"background-image: url('chrome-extension:\/\/cllnohpbfenopiakdcjmjcbaeapmkcdl\/icons\/512.png'); height: 22px; width: 22px; top: 326px; left: 76px;\"><\/div>\n<div class=\"simple-translate-panel \" style=\"width: 300px; height: 200px; top: 0px; left: 0px; font-size: 13px; background-color: #ffffff;\">\n<div class=\"simple-translate-result-wrapper\" style=\"overflow: hidden;\">\n<div class=\"simple-translate-move\"><\/div>\n<div class=\"simple-translate-result-contents\">\n<p class=\"simple-translate-candidate\" dir=\"auto\" style=\"color: #737373;\">\n<\/div>\n<\/div>\n<\/div>\n<\/div>\n<\/div>\n<p><\/p>","protected":false},"excerpt":{"rendered":"<p><p>Der Vereinname:\u00a0International Federation of Company Founders &amp; Accountants\u00a0 (Internationaler Verband der Gr\u00fcnder und Wirtschaftspr\u00fcfer) Abk\u00fcrzung des Vereins:\u00a0IFCFA Association Adresse des Vereins Hauptsitz:\u00a0293 Sugar Mill Business Park, Oakhurst Avenue, Leeds, South Yorkshire, LS117HL, United Kingdom Betriebsnummer:\u00a011335775 Bankdaten:\u00a0Santander Bank,\u00a0Bankleitzahl:\u00a009-01-29;\u00a0Kontonummer:\u00a026808206;\u00a0IBAN:\u00a0GB35ABBY09012926808206;\u00a0BIC \/ Swift-Code:\u00a0ABBYGB2L \u20acuro bank account (\u20ac)\u00a0 Swift\/BIC code:\u00a0TRWIBEB1XXX;\u00a0\u00a0IBAN: BE07 9676 2842 4566 British pounds account (\u00a3)\u00a0 Sort code:\u00a023-14-70;\u00a0<\/p>\n<\/p>","protected":false},"author":5,"featured_media":0,"parent":0,"menu_order":0,"comment_status":"closed","ping_status":"closed","template":"","meta":{"footnotes":""},"class_list":["post-1339","page","type-page","status-publish","hentry"],"_links":{"self":[{"href":"https:\/\/ifcfa.org\/de\/wp-json\/wp\/v2\/pages\/1339"}],"collection":[{"href":"https:\/\/ifcfa.org\/de\/wp-json\/wp\/v2\/pages"}],"about":[{"href":"https:\/\/ifcfa.org\/de\/wp-json\/wp\/v2\/types\/page"}],"author":[{"embeddable":true,"href":"https:\/\/ifcfa.org\/de\/wp-json\/wp\/v2\/users\/5"}],"replies":[{"embeddable":true,"href":"https:\/\/ifcfa.org\/de\/wp-json\/wp\/v2\/comments?post=1339"}],"version-history":[{"count":53,"href":"https:\/\/ifcfa.org\/de\/wp-json\/wp\/v2\/pages\/1339\/revisions"}],"predecessor-version":[{"id":6544,"href":"https:\/\/ifcfa.org\/de\/wp-json\/wp\/v2\/pages\/1339\/revisions\/6544"}],"wp:attachment":[{"href":"https:\/\/ifcfa.org\/de\/wp-json\/wp\/v2\/media?parent=1339"}],"curies":[{"name":"wp","href":"https:\/\/api.w.org\/{rel}","templated":true}]}}