{"id":1226,"date":"2018-04-14T19:44:03","date_gmt":"2018-04-14T19:44:03","guid":{"rendered":"https:\/\/ifcfa.org\/?page_id=1226"},"modified":"2018-12-13T18:39:25","modified_gmt":"2018-12-13T18:39:25","slug":"world-association-of-company-founders-accountants","status":"publish","type":"page","link":"https:\/\/ifcfa.org\/de\/","title":{"rendered":"Internationaler Verband der Gr\u00fcnder und Wirtschaftspr\u00fcfer"},"content":{"rendered":"<p><\/p>\n<h2>Willkommen!<\/h2>\n<p>&nbsp;<\/p>\n<p>Auf unserer Website finden Sie eine weltweit anerkannte Firma im Bereich Unternehmensgr\u00fcndung und -buchhaltung.<\/p>\n<p>Auf dem Kontinent k\u00f6nnen Sie eine Firma finden, die f\u00fcr Sie geeignet ist, Ihr Unternehmen zu gr\u00fcnden oder Ihr Unternehmen in einem bestimmten Land zu buchen.<\/p>\n<p>&nbsp;<\/p>\n<p>Wenn Sie beispielsweise eine englische Firma einrichten m\u00f6chten, klicken Sie einfach auf<\/p>\n<p><strong>Hauptmen\u00fc&gt; Vereinigtes K\u00f6nigreich&gt; England Link<\/strong><\/p>\n<p>&nbsp;<\/p>\n<p>Diese Website ist eine Liste von Unternehmen, die von der <strong>Internationaler Verband der Gr\u00fcnder und Wirtschaftspr\u00fcfer<\/strong> zertifiziert wurden.<\/p>\n<p>Unsere Unternehmen durchlaufen den strengen Firmensicherheits-, Datenschutz- und Registrierungsfilter.<\/p>\n<p>Wenn Sie auch an der Gr\u00fcndung einer Firma und \/ oder Buchhaltung beteiligt sind, starten Sie Ihre Registrierung unter dem Link-Men\u00fcpunkt.<\/p>","protected":false},"excerpt":{"rendered":"<p><p>Willkommen! &nbsp; Auf unserer Website finden Sie eine weltweit anerkannte Firma im Bereich Unternehmensgr\u00fcndung und -buchhaltung. Auf dem Kontinent k\u00f6nnen Sie eine Firma finden, die f\u00fcr Sie geeignet ist, Ihr Unternehmen zu gr\u00fcnden oder Ihr Unternehmen in einem bestimmten Land zu buchen. &nbsp; Wenn Sie beispielsweise eine englische Firma einrichten m\u00f6chten, klicken Sie einfach auf<\/p>\n<\/p>","protected":false},"author":5,"featured_media":0,"parent":0,"menu_order":0,"comment_status":"closed","ping_status":"closed","template":"templates\/home-page.php","meta":{"footnotes":""},"class_list":["post-1226","page","type-page","status-publish","hentry"],"_links":{"self":[{"href":"https:\/\/ifcfa.org\/de\/wp-json\/wp\/v2\/pages\/1226"}],"collection":[{"href":"https:\/\/ifcfa.org\/de\/wp-json\/wp\/v2\/pages"}],"about":[{"href":"https:\/\/ifcfa.org\/de\/wp-json\/wp\/v2\/types\/page"}],"author":[{"embeddable":true,"href":"https:\/\/ifcfa.org\/de\/wp-json\/wp\/v2\/users\/5"}],"replies":[{"embeddable":true,"href":"https:\/\/ifcfa.org\/de\/wp-json\/wp\/v2\/comments?post=1226"}],"version-history":[{"count":10,"href":"https:\/\/ifcfa.org\/de\/wp-json\/wp\/v2\/pages\/1226\/revisions"}],"predecessor-version":[{"id":5990,"href":"https:\/\/ifcfa.org\/de\/wp-json\/wp\/v2\/pages\/1226\/revisions\/5990"}],"wp:attachment":[{"href":"https:\/\/ifcfa.org\/de\/wp-json\/wp\/v2\/media?parent=1226"}],"curies":[{"name":"wp","href":"https:\/\/api.w.org\/{rel}","templated":true}]}}